{"id":1708,"date":"2021-05-26T19:39:04","date_gmt":"2021-05-26T17:39:04","guid":{"rendered":"https:\/\/servitlda.com\/index.php\/politica-de-privacidade\/"},"modified":"2025-08-16T17:46:36","modified_gmt":"2025-08-16T15:46:36","slug":"politica-de-privacidade","status":"publish","type":"page","link":"https:\/\/www.gohosting.co.mz\/pt-pt\/politica-de-privacidade\/","title":{"rendered":"Pol\u00edtica de privacidade"},"content":{"rendered":"<div class=\"fusion-fullwidth fullwidth-box fusion-builder-row-1 fusion-flex-container nonhundred-percent-fullwidth non-hundred-percent-height-scrolling\" style=\"--awb-border-radius-top-left:0px;--awb-border-radius-top-right:0px;--awb-border-radius-bottom-right:0px;--awb-border-radius-bottom-left:0px;--awb-background-color:var(--awb-color1);--awb-flex-wrap:wrap;\" ><div class=\"fusion-builder-row fusion-row fusion-flex-align-items-flex-start fusion-flex-content-wrap\" style=\"max-width:1216.8px;margin-left: calc(-4% \/ 2 );margin-right: calc(-4% \/ 2 );\"><div class=\"fusion-layout-column fusion_builder_column fusion-builder-column-0 fusion_builder_column_1_1 1_1 fusion-flex-column\" style=\"--awb-bg-blend:overlay;--awb-bg-size:cover;--awb-width-large:100%;--awb-margin-top-large:0px;--awb-spacing-right-large:1.92%;--awb-margin-bottom-large:0px;--awb-spacing-left-large:1.92%;--awb-width-medium:100%;--awb-spacing-right-medium:1.92%;--awb-spacing-left-medium:1.92%;--awb-width-small:100%;--awb-spacing-right-small:1.92%;--awb-spacing-left-small:1.92%;\"><div class=\"fusion-column-wrapper fusion-flex-justify-content-flex-start fusion-content-layout-column\"><div class=\"fusion-text fusion-text-1\"><p>\n&#13;<\/p>\n<h4 class=\"wp-block-heading\" style=\"--fontsize: 65; line-height: 1;\">Quem somos<\/h4>\n<p>&#13;<\/p>\n<p>&#13;<\/p>\n<p><span style=\"color: #000000; font-family: var(--awb-text-font-family); font-size: 17px; font-style: var(--awb-text-font-style); font-weight: var(--awb-text-font-weight); letter-spacing: var(--awb-letter-spacing); text-align: var(--awb-content-alignment); text-transform: var(--awb-text-transform); background-color: var(--awb-bg-color-medium-hover);\" data-fusion-font=\"true\">O endere\u00e7o do nosso site \u00e9: https:\/\/www.gohosting.co.mz<\/span><\/p>\n<p>&#13;<\/p>\n<h4>What personal data we collect and why we collect it<\/h4>\n<p>&#13;<\/p>\n<p>&#13;<\/p>\n<h4 class=\"wp-block-heading\" style=\"--fontsize: 65; line-height: 1;\">Coment\u00e1rios<\/h4>\n<p>&#13;<\/p>\n<p>&#13;<\/p>\n<p style=\"color: #000000; font-size: 17px;\" data-fusion-font=\"true\">Quando os visitantes deixam coment\u00e1rios no s\u00edtio, recolhemos os dados apresentados no formul\u00e1rio de coment\u00e1rios, bem como o endere\u00e7o IP do visitante e a cadeia de agentes do utilizador do browser para ajudar a detetar spam.<\/p>\n<p>&#13;<\/p>\n<p style=\"color: #000000; font-size: 17px;\" data-fusion-font=\"true\">Uma string anonimizada criada a partir do seu endere\u00e7o de e-mail (tamb\u00e9m chamado de hash) pode ser fornecida ao servi\u00e7o Gravatar para ver se voc\u00ea est\u00e1 usando. A pol\u00edtica de privacidade do servi\u00e7o Gravatar est\u00e1 dispon\u00edvel aqui: https:\/\/automattic.com\/privacy\/. Ap\u00f3s a aprova\u00e7\u00e3o do seu coment\u00e1rio, a sua foto de perfil fica vis\u00edvel para o p\u00fablico no contexto do seu coment\u00e1rio. <\/p>\n<p>&#13;<\/p>\n<p>&#13;<\/p>\n<h4 class=\"wp-block-heading\" style=\"--fontsize: 65; line-height: 1;\">Meios de comunica\u00e7\u00e3o social<\/h4>\n<p>&#13;<\/p>\n<p>&#13;<\/p>\n<p><span style=\"color: #000000; font-size: 17px;\" data-fusion-font=\"true\">Se carregar imagens para o website, deve evitar carregar imagens com dados de localiza\u00e7\u00e3o incorporados (GPS EXIF) inclu\u00eddos. Os visitantes do site podem baixar e extrair quaisquer dados de localiza\u00e7\u00e3o de imagens no site. <\/span><\/p>\n<p>&#13;<\/p>\n<h4 style=\"--fontsize: 65; line-height: 1;\">Contact forms<\/h4>\n<p>&#13;<\/p>\n<h4 style=\"--fontsize: 65; line-height: 1;\">Cookies<\/h4>\n<p>&#13;<\/p>\n<p>&#13;<\/p>\n<p>&#13;<\/p>\n<p style=\"color: #000000; font-size: 17px;\" data-fusion-font=\"true\">Se voc\u00ea deixar um coment\u00e1rio em nosso site, voc\u00ea pode optar por salvar seu nome, endere\u00e7o de e-mail e site em cookies. Estes s\u00e3o para sua conveni\u00eancia para que voc\u00ea n\u00e3o tenha que preencher seus dados novamente quando voc\u00ea deixar outro coment\u00e1rio. Estes cookies duram um ano.  <\/p>\n<p>&#13;<\/p>\n<p style=\"color: #000000; font-size: 17px;\" data-fusion-font=\"true\">Se tiver uma conta e iniciar sess\u00e3o neste site, definiremos um cookie tempor\u00e1rio para determinar se o seu navegador aceita cookies. Este cookie n\u00e3o cont\u00e9m dados pessoais e \u00e9 descartado quando fecha o navegador. <\/p>\n<p>&#13;<\/p>\n<p style=\"color: #000000; font-size: 17px;\" data-fusion-font=\"true\">Quando iniciar sess\u00e3o, tamb\u00e9m configuraremos v\u00e1rios cookies para guardar as suas informa\u00e7\u00f5es de in\u00edcio de sess\u00e3o e as suas op\u00e7\u00f5es de visualiza\u00e7\u00e3o no ecr\u00e3. Os cookies de in\u00edcio de sess\u00e3o duram dois dias e os cookies de op\u00e7\u00f5es de ecr\u00e3 duram um ano. Se voc\u00ea selecionar &#8220;Lembrar de mim&#8221;, seu login persistir\u00e1 por duas semanas. Se terminar sess\u00e3o na sua conta, os cookies de in\u00edcio de sess\u00e3o ser\u00e3o removidos.   <\/p>\n<p>&#13;<\/p>\n<p style=\"color: #000000; font-size: 17px;\" data-fusion-font=\"true\">Se editar ou publicar um artigo, ser\u00e1 guardado um cookie adicional no seu navegador. Este cookie n\u00e3o inclui dados pessoais e apenas indica o ID da publica\u00e7\u00e3o do artigo que acabou de editar. Expira ap\u00f3s 1 dia.  <\/p>\n<p>&#13;<\/p>\n<p>&#13;<\/p>\n<h4 class=\"wp-block-heading\" style=\"--fontsize: 65; line-height: 1;\">Conte\u00fado incorporado de outros s\u00edtios Web<\/h4>\n<p>&#13;<\/p>\n<p>&#13;<\/p>\n<p style=\"color: #000000; font-size: 17px;\" data-fusion-font=\"true\">Os artigos neste site podem incluir conte\u00fado incorporado (por exemplo, v\u00eddeos, imagens, artigos, etc.). O conte\u00fado incorporado de outros sites se comporta exatamente da mesma maneira como se o visitante tivesse visitado o outro site. <\/p>\n<p>&#13;<\/p>\n<p style=\"color: #000000; font-size: 17px;\" data-fusion-font=\"true\">Estes sites podem recolher dados sobre ti, utilizar cookies, incorporar rastreio adicional de terceiros e monitorizar a tua intera\u00e7\u00e3o com esse conte\u00fado incorporado, incluindo o rastreio da tua intera\u00e7\u00e3o com o conte\u00fado incorporado se tiveres uma conta e estiveres ligado a esse site.<\/p>\n<p>&#13;<\/p>\n<h4 style=\"--fontsize: 65; line-height: 1;\">Analytics<\/h4>\n<p>&#13;<\/p>\n<h4 style=\"--fontsize: 65; line-height: 1;\">Who we share your data with<\/h4>\n<p>&#13;<\/p>\n<h4 style=\"--fontsize: 65; line-height: 1;\">How long we retain your data<\/h4>\n<p>&#13;<\/p>\n<p>&#13;<\/p>\n<p>&#13;<\/p>\n<p>&#13;<\/p>\n<p style=\"color: #000000; font-size: 17px;\" data-fusion-font=\"true\">Se voc\u00ea deixar um coment\u00e1rio, o coment\u00e1rio e seus metadados ser\u00e3o retidos indefinidamente. Isso \u00e9 para que possamos reconhecer e aprovar quaisquer coment\u00e1rios de acompanhamento automaticamente, em vez de mant\u00ea-los em uma fila de modera\u00e7\u00e3o. <\/p>\n<p>&#13;<\/p>\n<p style=\"color: #000000; font-size: 17px;\" data-fusion-font=\"true\">Para os usu\u00e1rios que se registram em nosso site (se houver), tamb\u00e9m armazenamos as informa\u00e7\u00f5es pessoais que eles fornecem em seu perfil de usu\u00e1rio. Todos os usu\u00e1rios podem ver, editar ou excluir suas informa\u00e7\u00f5es pessoais a qualquer momento (exceto que n\u00e3o podem alterar seu nome de usu\u00e1rio). Os administradores de sites tamb\u00e9m podem ver e editar essas informa\u00e7\u00f5es.  <\/p>\n<p>&#13;<\/p>\n<p>&#13;<\/p>\n<h4 class=\"wp-block-heading\" style=\"--fontsize: 65; line-height: 1;\">Que direitos tens sobre os teus dados<\/h4>\n<p>&#13;<\/p>\n<p>&#13;<\/p>\n<p><span style=\"color: #000000; font-size: 17px;\" data-fusion-font=\"true\">Se tiver uma conta neste site, ou tiver deixado coment\u00e1rios, pode solicitar a rece\u00e7\u00e3o de um ficheiro exportado dos dados pessoais que mantemos sobre si, incluindo quaisquer dados que nos tenha fornecido. Tamb\u00e9m pode solicitar que apaguemos quaisquer dados pessoais que tenhamos sobre si. Isto n\u00e3o inclui quaisquer dados que somos obrigados a manter para fins administrativos, legais ou de seguran\u00e7a.  <\/span><\/p>\n<p>&#13;<\/p>\n<p>&#13;<\/p>\n<h4 class=\"wp-block-heading\" style=\"--fontsize: 65; line-height: 1;\">Para onde enviamos os teus dados<\/h4>\n<p>&#13;<\/p>\n<p>&#13;<\/p>\n<p><span style=\"color: #000000; font-size: 17px;\" data-fusion-font=\"true\">Os coment\u00e1rios dos visitantes podem ser verificados atrav\u00e9s de um servi\u00e7o autom\u00e1tico de dete\u00e7\u00e3o de spam.<\/span><\/p>\n<p>&#13;<\/p>\n<h4>Your contact information<\/h4>\n<p>&#13;<\/p>\n<h4>Additional information<\/h4>\n<p>&#13;<\/p>\n<h4>How we protect your data<\/h4>\n<p>&#13;<\/p>\n<h4>What data breach procedures we have in place<\/h4>\n<p>&#13;<\/p>\n<h4>What third parties we receive data from<\/h4>\n<p>&#13;<\/p>\n<h4>What automated decision making and\/or profiling we do with user data<\/h4>\n<p>&#13;<\/p>\n<h4>Industry regulatory disclosure requirements<\/h4>\n<p>&#13;<\/p>\n<\/div><\/div><\/div><\/div><\/div>\n","protected":false},"excerpt":{"rendered":"","protected":false},"author":1,"featured_media":0,"parent":0,"menu_order":0,"comment_status":"closed","ping_status":"closed","template":"","meta":{"footnotes":""},"class_list":["post-1708","page","type-page","status-publish","hentry"],"yoast_head":"<!-- This site is optimized with the Yoast SEO plugin v27.2 - https:\/\/yoast.com\/product\/yoast-seo-wordpress\/ -->\n<title>Pol\u00edtica de privacidade - Go-Hosting<\/title>\n<meta name=\"robots\" content=\"index, follow, max-snippet:-1, max-image-preview:large, max-video-preview:-1\" \/>\n<link rel=\"canonical\" href=\"https:\/\/www.gohosting.co.mz\/pt-pt\/politica-de-privacidade\/\" \/>\n<meta property=\"og:locale\" content=\"pt_PT\" \/>\n<meta property=\"og:type\" content=\"article\" \/>\n<meta property=\"og:title\" content=\"Pol\u00edtica de privacidade - Go-Hosting\" \/>\n<meta property=\"og:url\" content=\"https:\/\/www.gohosting.co.mz\/pt-pt\/politica-de-privacidade\/\" \/>\n<meta property=\"og:site_name\" content=\"Go-Hosting\" \/>\n<meta property=\"article:publisher\" content=\"https:\/\/www.facebook.com\/servicosit\" \/>\n<meta property=\"article:modified_time\" content=\"2025-08-16T15:46:36+00:00\" \/>\n<meta name=\"twitter:card\" content=\"summary_large_image\" \/>\n<meta name=\"twitter:label1\" content=\"Tempo estimado de leitura\" \/>\n\t<meta name=\"twitter:data1\" content=\"4 minutos\" \/>\n<script type=\"application\/ld+json\" class=\"yoast-schema-graph\">{\"@context\":\"https:\/\/schema.org\",\"@graph\":[{\"@type\":\"WebPage\",\"@id\":\"https:\/\/www.gohosting.co.mz\/pt-pt\/politica-de-privacidade\/\",\"url\":\"https:\/\/www.gohosting.co.mz\/pt-pt\/politica-de-privacidade\/\",\"name\":\"Pol\u00edtica de privacidade - Go-Hosting\",\"isPartOf\":{\"@id\":\"https:\/\/www.gohosting.co.mz\/pt-pt\/#website\"},\"datePublished\":\"2021-05-26T17:39:04+00:00\",\"dateModified\":\"2025-08-16T15:46:36+00:00\",\"breadcrumb\":{\"@id\":\"https:\/\/www.gohosting.co.mz\/pt-pt\/politica-de-privacidade\/#breadcrumb\"},\"inLanguage\":\"pt-PT\",\"potentialAction\":[{\"@type\":\"ReadAction\",\"target\":[\"https:\/\/www.gohosting.co.mz\/pt-pt\/politica-de-privacidade\/\"]}]},{\"@type\":\"BreadcrumbList\",\"@id\":\"https:\/\/www.gohosting.co.mz\/pt-pt\/politica-de-privacidade\/#breadcrumb\",\"itemListElement\":[{\"@type\":\"ListItem\",\"position\":1,\"name\":\"Home\",\"item\":\"https:\/\/www.gohosting.co.mz\/pt-pt\/\"},{\"@type\":\"ListItem\",\"position\":2,\"name\":\"Pol\u00edtica de privacidade\"}]},{\"@type\":\"WebSite\",\"@id\":\"https:\/\/www.gohosting.co.mz\/pt-pt\/#website\",\"url\":\"https:\/\/www.gohosting.co.mz\/pt-pt\/\",\"name\":\"Servit\",\"description\":\"Start hosting today\",\"publisher\":{\"@id\":\"https:\/\/www.gohosting.co.mz\/pt-pt\/#organization\"},\"potentialAction\":[{\"@type\":\"SearchAction\",\"target\":{\"@type\":\"EntryPoint\",\"urlTemplate\":\"https:\/\/www.gohosting.co.mz\/pt-pt\/?s={search_term_string}\"},\"query-input\":{\"@type\":\"PropertyValueSpecification\",\"valueRequired\":true,\"valueName\":\"search_term_string\"}}],\"inLanguage\":\"pt-PT\"},{\"@type\":\"Organization\",\"@id\":\"https:\/\/www.gohosting.co.mz\/pt-pt\/#organization\",\"name\":\"Servit\",\"url\":\"https:\/\/www.gohosting.co.mz\/pt-pt\/\",\"logo\":{\"@type\":\"ImageObject\",\"inLanguage\":\"pt-PT\",\"@id\":\"https:\/\/www.gohosting.co.mz\/pt-pt\/#\/schema\/logo\/image\/\",\"url\":\"https:\/\/i0.wp.com\/servitlda.com\/wp-content\/uploads\/2024\/06\/Logo-user.png?fit=149%2C100&ssl=1\",\"contentUrl\":\"https:\/\/i0.wp.com\/servitlda.com\/wp-content\/uploads\/2024\/06\/Logo-user.png?fit=149%2C100&ssl=1\",\"width\":149,\"height\":100,\"caption\":\"Servit\"},\"image\":{\"@id\":\"https:\/\/www.gohosting.co.mz\/pt-pt\/#\/schema\/logo\/image\/\"},\"sameAs\":[\"https:\/\/www.facebook.com\/servicosit\",\"https:\/\/www.linkedin.com\/company\/servitlda\/\",\"https:\/\/www.youtube.com\/@servitlda6299\"]}]}<\/script>\n<!-- \/ Yoast SEO plugin. -->","yoast_head_json":{"title":"Pol\u00edtica de privacidade - Go-Hosting","robots":{"index":"index","follow":"follow","max-snippet":"max-snippet:-1","max-image-preview":"max-image-preview:large","max-video-preview":"max-video-preview:-1"},"canonical":"https:\/\/www.gohosting.co.mz\/pt-pt\/politica-de-privacidade\/","og_locale":"pt_PT","og_type":"article","og_title":"Pol\u00edtica de privacidade - Go-Hosting","og_url":"https:\/\/www.gohosting.co.mz\/pt-pt\/politica-de-privacidade\/","og_site_name":"Go-Hosting","article_publisher":"https:\/\/www.facebook.com\/servicosit","article_modified_time":"2025-08-16T15:46:36+00:00","twitter_card":"summary_large_image","twitter_misc":{"Tempo estimado de leitura":"4 minutos"},"schema":{"@context":"https:\/\/schema.org","@graph":[{"@type":"WebPage","@id":"https:\/\/www.gohosting.co.mz\/pt-pt\/politica-de-privacidade\/","url":"https:\/\/www.gohosting.co.mz\/pt-pt\/politica-de-privacidade\/","name":"Pol\u00edtica de privacidade - Go-Hosting","isPartOf":{"@id":"https:\/\/www.gohosting.co.mz\/pt-pt\/#website"},"datePublished":"2021-05-26T17:39:04+00:00","dateModified":"2025-08-16T15:46:36+00:00","breadcrumb":{"@id":"https:\/\/www.gohosting.co.mz\/pt-pt\/politica-de-privacidade\/#breadcrumb"},"inLanguage":"pt-PT","potentialAction":[{"@type":"ReadAction","target":["https:\/\/www.gohosting.co.mz\/pt-pt\/politica-de-privacidade\/"]}]},{"@type":"BreadcrumbList","@id":"https:\/\/www.gohosting.co.mz\/pt-pt\/politica-de-privacidade\/#breadcrumb","itemListElement":[{"@type":"ListItem","position":1,"name":"Home","item":"https:\/\/www.gohosting.co.mz\/pt-pt\/"},{"@type":"ListItem","position":2,"name":"Pol\u00edtica de privacidade"}]},{"@type":"WebSite","@id":"https:\/\/www.gohosting.co.mz\/pt-pt\/#website","url":"https:\/\/www.gohosting.co.mz\/pt-pt\/","name":"Servit","description":"Start hosting today","publisher":{"@id":"https:\/\/www.gohosting.co.mz\/pt-pt\/#organization"},"potentialAction":[{"@type":"SearchAction","target":{"@type":"EntryPoint","urlTemplate":"https:\/\/www.gohosting.co.mz\/pt-pt\/?s={search_term_string}"},"query-input":{"@type":"PropertyValueSpecification","valueRequired":true,"valueName":"search_term_string"}}],"inLanguage":"pt-PT"},{"@type":"Organization","@id":"https:\/\/www.gohosting.co.mz\/pt-pt\/#organization","name":"Servit","url":"https:\/\/www.gohosting.co.mz\/pt-pt\/","logo":{"@type":"ImageObject","inLanguage":"pt-PT","@id":"https:\/\/www.gohosting.co.mz\/pt-pt\/#\/schema\/logo\/image\/","url":"https:\/\/i0.wp.com\/servitlda.com\/wp-content\/uploads\/2024\/06\/Logo-user.png?fit=149%2C100&ssl=1","contentUrl":"https:\/\/i0.wp.com\/servitlda.com\/wp-content\/uploads\/2024\/06\/Logo-user.png?fit=149%2C100&ssl=1","width":149,"height":100,"caption":"Servit"},"image":{"@id":"https:\/\/www.gohosting.co.mz\/pt-pt\/#\/schema\/logo\/image\/"},"sameAs":["https:\/\/www.facebook.com\/servicosit","https:\/\/www.linkedin.com\/company\/servitlda\/","https:\/\/www.youtube.com\/@servitlda6299"]}]}},"_links":{"self":[{"href":"https:\/\/www.gohosting.co.mz\/pt-pt\/wp-json\/wp\/v2\/pages\/1708","targetHints":{"allow":["GET"]}}],"collection":[{"href":"https:\/\/www.gohosting.co.mz\/pt-pt\/wp-json\/wp\/v2\/pages"}],"about":[{"href":"https:\/\/www.gohosting.co.mz\/pt-pt\/wp-json\/wp\/v2\/types\/page"}],"author":[{"embeddable":true,"href":"https:\/\/www.gohosting.co.mz\/pt-pt\/wp-json\/wp\/v2\/users\/1"}],"replies":[{"embeddable":true,"href":"https:\/\/www.gohosting.co.mz\/pt-pt\/wp-json\/wp\/v2\/comments?post=1708"}],"version-history":[{"count":4,"href":"https:\/\/www.gohosting.co.mz\/pt-pt\/wp-json\/wp\/v2\/pages\/1708\/revisions"}],"predecessor-version":[{"id":2173,"href":"https:\/\/www.gohosting.co.mz\/pt-pt\/wp-json\/wp\/v2\/pages\/1708\/revisions\/2173"}],"wp:attachment":[{"href":"https:\/\/www.gohosting.co.mz\/pt-pt\/wp-json\/wp\/v2\/media?parent=1708"}],"curies":[{"name":"wp","href":"https:\/\/api.w.org\/{rel}","templated":true}]}}