{"id":1727,"date":"2024-05-27T15:22:49","date_gmt":"2024-05-27T15:22:49","guid":{"rendered":"https:\/\/servitlda.com\/index.php\/\/product\/negocio\/"},"modified":"2026-02-03T20:17:59","modified_gmt":"2026-02-03T18:17:59","slug":"negocio","status":"publish","type":"product","link":"https:\/\/www.gohosting.co.mz\/pt-pt\/product\/negocio\/","title":{"rendered":"Plano empresarial (1 ano)"},"content":{"rendered":"<p><span style=\"color: #000000;\">Prepara-te para levar o teu neg\u00f3cio online para o pr\u00f3ximo n\u00edvel com o nosso <strong>plano Business<\/strong>, uma solu\u00e7\u00e3o de alojamento robusta e abrangente, concebida para empresas que procuram o m\u00e1ximo desempenho e flexibilidade.<br \/>\nCom <strong>50000MB<\/strong> de espa\u00e7o de armazenamento e uma largura de banda <strong>Ilimitada<\/strong>, ter\u00e1s recursos abundantes para alojar grandes sites, lidar com elevados volumes de tr\u00e1fego e gerir grandes quantidades de conte\u00fados sem preocupa\u00e7\u00f5es.<br \/>\nO plano Business oferece uma vantagem competitiva significativa com a inclus\u00e3o de <strong>10<\/strong> <strong>dom\u00ednios<\/strong> personalizados, permitindo-te gerir v\u00e1rios projectos, marcas ou \u00e1reas de neg\u00f3cio a partir de uma \u00fanica conta.<br \/>\nIsto proporciona uma enorme flexibilidade e a capacidade de expandir a tua presen\u00e7a digital de uma forma organizada e eficiente.<br \/>\nPara gerir e organizar os teus dados, ter\u00e1s acesso a<strong> 5 bases de dados<\/strong>, ideais para armazenar grandes volumes de informa\u00e7\u00e3o e desenvolver aplica\u00e7\u00f5es complexas.<br \/>\nA estrutura robusta do<strong> plano Business<\/strong> garante que as tuas opera\u00e7\u00f5es online sejam r\u00e1pidas, seguras e fi\u00e1veis.<br \/>\nA comunica\u00e7\u00e3o \u00e9 a espinha dorsal de qualquer neg\u00f3cio de sucesso, e o nosso plano Business n\u00e3o deixa nada a desejar.<br \/>\nCom <strong>contas de e-mail ilimitadas<\/strong>, podes criar endere\u00e7os personalizados para toda a tua equipa, garantindo uma comunica\u00e7\u00e3o interna e externa profissional e eficiente.<br \/>\nAl\u00e9m disso, com <strong>10 reencaminhamentos de e-mail<\/strong> e <strong>10 autoresponders<\/strong>, podes gerir as tuas mensagens de forma avan\u00e7ada, garantindo que nenhum e-mail importante se perde e que os teus clientes recebem respostas r\u00e1pidas e automatizadas.<br \/>\nA gest\u00e3o de todas estas funcionalidades \u00e9 simplificada gra\u00e7as ao <strong>acesso ao painel de controlo<\/strong>.<br \/>\nCom uma interface intuitiva e f\u00e1cil de usar, podes gerir dom\u00ednios, configurar contas de e-mail, monitorizar a utiliza\u00e7\u00e3o de recursos e realizar v\u00e1rias tarefas administrativas com apenas alguns cliques.<br \/>\nA nossa equipa de suporte dedicada est\u00e1 sempre dispon\u00edvel para prestar assist\u00eancia, garantindo que tem uma experi\u00eancia tranquila e produtiva.<br \/>\nQuer esteja a gerir uma grande empresa, a gerir v\u00e1rias marcas ou a procurar expandir as suas opera\u00e7\u00f5es, o plano Business oferece a robustez e a flexibilidade de que necessita para prosperar no mundo digital. <\/span><\/p>\n<p><span style=\"color: #000000;\">Com o plano Business, n\u00e3o est\u00e1s apenas a alojar um site, mas sim, a investir no futuro do teu neg\u00f3cio online.<br \/>\nTira partido de todas as funcionalidades avan\u00e7adas e da fiabilidade do nosso alojamento premium para elevar a tua presen\u00e7a digital a novos patamares.<br \/>\nN\u00e3o percas a oportunidade de maximizar o teu potencial online com o nosso <strong>plano Business<\/strong> hoje mesmo! <\/span><\/p>\n","protected":false},"excerpt":{"rendered":"<p><span style=\"color: #000000;\">Potencia o teu neg\u00f3cio online com o nosso <strong>Plano\u00a0Business<\/strong>:<\/span><\/p>\n<ul>\n<li><span style=\"color: #000000;\">Espa\u00e7o (MB) &#8211; 50000MB<\/span><\/li>\n<li><span style=\"color: #000000;\">Consumo (GB) &#8211; Ilimitado<\/span><\/li>\n<li><span style=\"color: #000000;\">Dom\u00ednio &#8211; 10<\/span><\/li>\n<li><span style=\"color: #000000;\">Base de dados &#8211; 5<\/span><\/li>\n<li><span style=\"color: #000000;\">Email &#8211; Ilimitado<\/span><\/li>\n<li><span style=\"color: #000000;\">Reencaminhamento de correio eletr\u00f3nico &#8211; 10<\/span><\/li>\n<li><span style=\"color: #000000;\">Resposta autom\u00e1tica por e-mail &#8211; 10<\/span><\/li>\n<li><span style=\"color: #000000;\">Acesso ao painel de controlo &#8211; Sim<\/span><\/li>\n<\/ul>\n","protected":false},"featured_media":1470,"comment_status":"open","ping_status":"closed","template":"","meta":[],"product_brand":[],"product_cat":[43],"product_tag":[],"class_list":{"0":"post-1727","1":"product","2":"type-product","3":"status-publish","4":"has-post-thumbnail","6":"product_cat-pacotes","8":"first","9":"instock","10":"virtual","11":"purchasable","12":"product-type-simple"},"yoast_head":"<!-- This site is optimized with the Yoast SEO plugin v27.2 - https:\/\/yoast.com\/product\/yoast-seo-wordpress\/ -->\n<title>Plano empresarial (1 ano) - Go-Hosting<\/title>\n<meta name=\"description\" content=\"O plano Business oferece uma vantagem competitiva significativa com a inclus\u00e3o de 10 dom\u00ednios personalizados, permitindo-te gerir v\u00e1rios projectos, marcas ou \u00e1reas de neg\u00f3cio a partir de uma \u00fanica conta.Isto proporciona uma enorme flexibilidade e a capacidade de expandir a tua presen\u00e7a digital de uma forma organizada e eficiente.Para gerir e organizar os teus dados, ter\u00e1s acesso a 5 bases de dados, ideais para armazenar grandes volumes de informa\u00e7\u00e3o e desenvolver aplica\u00e7\u00f5es complexas.A estrutura robusta do plano Business garante que as tuas opera\u00e7\u00f5es online sejam r\u00e1pidas, seguras e fi\u00e1veis.A comunica\u00e7\u00e3o \u00e9 a espinha dorsal de qualquer neg\u00f3cio de sucesso, e o nosso plano Business n\u00e3o deixa nada a desejar.Com contas de e-mail ilimitadas, podes criar endere\u00e7os personalizados para toda a tua equipa, garantindo uma comunica\u00e7\u00e3o interna e externa profissional e eficiente.Al\u00e9m disso, com 10 reencaminhamentos de e-mail e 10 autoresponders, podes gerir as tuas mensagens de forma avan\u00e7ada, garantindo que nenhum e-mail importante se perde e que os teus clientes recebem respostas r\u00e1pidas e automatizadas.A gest\u00e3o de todas estas funcionalidades \u00e9 simplificada gra\u00e7as ao acesso ao painel de controlo.Com uma interface intuitiva e f\u00e1cil de usar, podes gerir dom\u00ednios, configurar contas de e-mail, monitorizar a utiliza\u00e7\u00e3o de recursos e realizar v\u00e1rias tarefas administrativas com apenas alguns cliques.A nossa equipa de suporte dedicada est\u00e1 sempre dispon\u00edvel para prestar assist\u00eancia, garantindo que tem uma experi\u00eancia tranquila e produtiva.\" \/>\n<meta name=\"robots\" content=\"index, follow, max-snippet:-1, max-image-preview:large, max-video-preview:-1\" \/>\n<link rel=\"canonical\" href=\"https:\/\/www.gohosting.co.mz\/pt-pt\/product\/negocio\/\" \/>\n<meta property=\"og:locale\" content=\"pt_PT\" \/>\n<meta property=\"og:type\" content=\"article\" \/>\n<meta property=\"og:title\" content=\"Plano empresarial (1 ano) - Go-Hosting\" \/>\n<meta property=\"og:description\" content=\"O plano Business oferece uma vantagem competitiva significativa com a inclus\u00e3o de 10 dom\u00ednios personalizados, permitindo-te gerir v\u00e1rios projectos, marcas ou \u00e1reas de neg\u00f3cio a partir de uma \u00fanica conta.Isto proporciona uma enorme flexibilidade e a capacidade de expandir a tua presen\u00e7a digital de uma forma organizada e eficiente.Para gerir e organizar os teus dados, ter\u00e1s acesso a 5 bases de dados, ideais para armazenar grandes volumes de informa\u00e7\u00e3o e desenvolver aplica\u00e7\u00f5es complexas.A estrutura robusta do plano Business garante que as tuas opera\u00e7\u00f5es online sejam r\u00e1pidas, seguras e fi\u00e1veis.A comunica\u00e7\u00e3o \u00e9 a espinha dorsal de qualquer neg\u00f3cio de sucesso, e o nosso plano Business n\u00e3o deixa nada a desejar.Com contas de e-mail ilimitadas, podes criar endere\u00e7os personalizados para toda a tua equipa, garantindo uma comunica\u00e7\u00e3o interna e externa profissional e eficiente.Al\u00e9m disso, com 10 reencaminhamentos de e-mail e 10 autoresponders, podes gerir as tuas mensagens de forma avan\u00e7ada, garantindo que nenhum e-mail importante se perde e que os teus clientes recebem respostas r\u00e1pidas e automatizadas.A gest\u00e3o de todas estas funcionalidades \u00e9 simplificada gra\u00e7as ao acesso ao painel de controlo.Com uma interface intuitiva e f\u00e1cil de usar, podes gerir dom\u00ednios, configurar contas de e-mail, monitorizar a utiliza\u00e7\u00e3o de recursos e realizar v\u00e1rias tarefas administrativas com apenas alguns cliques.A nossa equipa de suporte dedicada est\u00e1 sempre dispon\u00edvel para prestar assist\u00eancia, garantindo que tem uma experi\u00eancia tranquila e produtiva.\" \/>\n<meta property=\"og:url\" content=\"https:\/\/www.gohosting.co.mz\/pt-pt\/product\/negocio\/\" \/>\n<meta property=\"og:site_name\" content=\"Go-Hosting\" \/>\n<meta property=\"article:publisher\" content=\"https:\/\/www.facebook.com\/servicosit\" \/>\n<meta property=\"article:modified_time\" content=\"2026-02-03T18:17:59+00:00\" \/>\n<meta property=\"og:image\" content=\"https:\/\/www.gohosting.co.mz\/wp-content\/uploads\/2024\/06\/Businesscloud-3406627_12801-e1586977360157-500x333-1.jpg\" \/>\n\t<meta property=\"og:image:width\" content=\"500\" \/>\n\t<meta property=\"og:image:height\" content=\"333\" \/>\n\t<meta property=\"og:image:type\" content=\"image\/jpeg\" \/>\n<meta name=\"twitter:card\" content=\"summary_large_image\" \/>\n<meta name=\"twitter:label1\" content=\"Tempo estimado de leitura\" \/>\n\t<meta name=\"twitter:data1\" content=\"3 minutos\" \/>\n<script type=\"application\/ld+json\" class=\"yoast-schema-graph\">{\"@context\":\"https:\/\/schema.org\",\"@graph\":[{\"@type\":\"WebPage\",\"@id\":\"https:\/\/www.gohosting.co.mz\/pt-pt\/product\/negocio\/\",\"url\":\"https:\/\/www.gohosting.co.mz\/pt-pt\/product\/negocio\/\",\"name\":\"Plano empresarial (1 ano) - Go-Hosting\",\"isPartOf\":{\"@id\":\"https:\/\/www.gohosting.co.mz\/pt-pt\/#website\"},\"primaryImageOfPage\":{\"@id\":\"https:\/\/www.gohosting.co.mz\/pt-pt\/product\/negocio\/#primaryimage\"},\"image\":{\"@id\":\"https:\/\/www.gohosting.co.mz\/pt-pt\/product\/negocio\/#primaryimage\"},\"thumbnailUrl\":\"https:\/\/www.gohosting.co.mz\/wp-content\/uploads\/2024\/06\/Businesscloud-3406627_12801-e1586977360157-500x333-1.jpg\",\"datePublished\":\"2024-05-27T15:22:49+00:00\",\"dateModified\":\"2026-02-03T18:17:59+00:00\",\"description\":\"O plano Business oferece uma vantagem competitiva significativa com a inclus\u00e3o de 10 dom\u00ednios personalizados, permitindo-te gerir v\u00e1rios projectos, marcas ou \u00e1reas de neg\u00f3cio a partir de uma \u00fanica conta.Isto proporciona uma enorme flexibilidade e a capacidade de expandir a tua presen\u00e7a digital de uma forma organizada e eficiente.Para gerir e organizar os teus dados, ter\u00e1s acesso a 5 bases de dados, ideais para armazenar grandes volumes de informa\u00e7\u00e3o e desenvolver aplica\u00e7\u00f5es complexas.A estrutura robusta do plano Business garante que as tuas opera\u00e7\u00f5es online sejam r\u00e1pidas, seguras e fi\u00e1veis.A comunica\u00e7\u00e3o \u00e9 a espinha dorsal de qualquer neg\u00f3cio de sucesso, e o nosso plano Business n\u00e3o deixa nada a desejar.Com contas de e-mail ilimitadas, podes criar endere\u00e7os personalizados para toda a tua equipa, garantindo uma comunica\u00e7\u00e3o interna e externa profissional e eficiente.Al\u00e9m disso, com 10 reencaminhamentos de e-mail e 10 autoresponders, podes gerir as tuas mensagens de forma avan\u00e7ada, garantindo que nenhum e-mail importante se perde e que os teus clientes recebem respostas r\u00e1pidas e automatizadas.A gest\u00e3o de todas estas funcionalidades \u00e9 simplificada gra\u00e7as ao acesso ao painel de controlo.Com uma interface intuitiva e f\u00e1cil de usar, podes gerir dom\u00ednios, configurar contas de e-mail, monitorizar a utiliza\u00e7\u00e3o de recursos e realizar v\u00e1rias tarefas administrativas com apenas alguns cliques.A nossa equipa de suporte dedicada est\u00e1 sempre dispon\u00edvel para prestar assist\u00eancia, garantindo que tem uma experi\u00eancia tranquila e produtiva.\",\"breadcrumb\":{\"@id\":\"https:\/\/www.gohosting.co.mz\/pt-pt\/product\/negocio\/#breadcrumb\"},\"inLanguage\":\"pt-PT\",\"potentialAction\":[{\"@type\":\"ReadAction\",\"target\":[\"https:\/\/www.gohosting.co.mz\/pt-pt\/product\/negocio\/\"]}]},{\"@type\":\"ImageObject\",\"inLanguage\":\"pt-PT\",\"@id\":\"https:\/\/www.gohosting.co.mz\/pt-pt\/product\/negocio\/#primaryimage\",\"url\":\"https:\/\/www.gohosting.co.mz\/wp-content\/uploads\/2024\/06\/Businesscloud-3406627_12801-e1586977360157-500x333-1.jpg\",\"contentUrl\":\"https:\/\/www.gohosting.co.mz\/wp-content\/uploads\/2024\/06\/Businesscloud-3406627_12801-e1586977360157-500x333-1.jpg\",\"width\":500,\"height\":333},{\"@type\":\"BreadcrumbList\",\"@id\":\"https:\/\/www.gohosting.co.mz\/pt-pt\/product\/negocio\/#breadcrumb\",\"itemListElement\":[{\"@type\":\"ListItem\",\"position\":1,\"name\":\"Home\",\"item\":\"https:\/\/www.gohosting.co.mz\/pt-pt\/\"},{\"@type\":\"ListItem\",\"position\":2,\"name\":\"Go-Hosting\",\"item\":\"https:\/\/www.gohosting.co.mz\/hosting\/\"},{\"@type\":\"ListItem\",\"position\":3,\"name\":\"Plano empresarial (1 ano)\"}]},{\"@type\":\"WebSite\",\"@id\":\"https:\/\/www.gohosting.co.mz\/pt-pt\/#website\",\"url\":\"https:\/\/www.gohosting.co.mz\/pt-pt\/\",\"name\":\"Servit\",\"description\":\"Start hosting today\",\"publisher\":{\"@id\":\"https:\/\/www.gohosting.co.mz\/pt-pt\/#organization\"},\"potentialAction\":[{\"@type\":\"SearchAction\",\"target\":{\"@type\":\"EntryPoint\",\"urlTemplate\":\"https:\/\/www.gohosting.co.mz\/pt-pt\/?s={search_term_string}\"},\"query-input\":{\"@type\":\"PropertyValueSpecification\",\"valueRequired\":true,\"valueName\":\"search_term_string\"}}],\"inLanguage\":\"pt-PT\"},{\"@type\":\"Organization\",\"@id\":\"https:\/\/www.gohosting.co.mz\/pt-pt\/#organization\",\"name\":\"Servit\",\"url\":\"https:\/\/www.gohosting.co.mz\/pt-pt\/\",\"logo\":{\"@type\":\"ImageObject\",\"inLanguage\":\"pt-PT\",\"@id\":\"https:\/\/www.gohosting.co.mz\/pt-pt\/#\/schema\/logo\/image\/\",\"url\":\"https:\/\/i0.wp.com\/servitlda.com\/wp-content\/uploads\/2024\/06\/Logo-user.png?fit=149%2C100&ssl=1\",\"contentUrl\":\"https:\/\/i0.wp.com\/servitlda.com\/wp-content\/uploads\/2024\/06\/Logo-user.png?fit=149%2C100&ssl=1\",\"width\":149,\"height\":100,\"caption\":\"Servit\"},\"image\":{\"@id\":\"https:\/\/www.gohosting.co.mz\/pt-pt\/#\/schema\/logo\/image\/\"},\"sameAs\":[\"https:\/\/www.facebook.com\/servicosit\",\"https:\/\/www.linkedin.com\/company\/servitlda\/\",\"https:\/\/www.youtube.com\/@servitlda6299\"]}]}<\/script>\n<!-- \/ Yoast SEO plugin. -->","yoast_head_json":{"title":"Plano empresarial (1 ano) - Go-Hosting","description":"O plano Business oferece uma vantagem competitiva significativa com a inclus\u00e3o de 10 dom\u00ednios personalizados, permitindo-te gerir v\u00e1rios projectos, marcas ou \u00e1reas de neg\u00f3cio a partir de uma \u00fanica conta.Isto proporciona uma enorme flexibilidade e a capacidade de expandir a tua presen\u00e7a digital de uma forma organizada e eficiente.Para gerir e organizar os teus dados, ter\u00e1s acesso a 5 bases de dados, ideais para armazenar grandes volumes de informa\u00e7\u00e3o e desenvolver aplica\u00e7\u00f5es complexas.A estrutura robusta do plano Business garante que as tuas opera\u00e7\u00f5es online sejam r\u00e1pidas, seguras e fi\u00e1veis.A comunica\u00e7\u00e3o \u00e9 a espinha dorsal de qualquer neg\u00f3cio de sucesso, e o nosso plano Business n\u00e3o deixa nada a desejar.Com contas de e-mail ilimitadas, podes criar endere\u00e7os personalizados para toda a tua equipa, garantindo uma comunica\u00e7\u00e3o interna e externa profissional e eficiente.Al\u00e9m disso, com 10 reencaminhamentos de e-mail e 10 autoresponders, podes gerir as tuas mensagens de forma avan\u00e7ada, garantindo que nenhum e-mail importante se perde e que os teus clientes recebem respostas r\u00e1pidas e automatizadas.A gest\u00e3o de todas estas funcionalidades \u00e9 simplificada gra\u00e7as ao acesso ao painel de controlo.Com uma interface intuitiva e f\u00e1cil de usar, podes gerir dom\u00ednios, configurar contas de e-mail, monitorizar a utiliza\u00e7\u00e3o de recursos e realizar v\u00e1rias tarefas administrativas com apenas alguns cliques.A nossa equipa de suporte dedicada est\u00e1 sempre dispon\u00edvel para prestar assist\u00eancia, garantindo que tem uma experi\u00eancia tranquila e produtiva.","robots":{"index":"index","follow":"follow","max-snippet":"max-snippet:-1","max-image-preview":"max-image-preview:large","max-video-preview":"max-video-preview:-1"},"canonical":"https:\/\/www.gohosting.co.mz\/pt-pt\/product\/negocio\/","og_locale":"pt_PT","og_type":"article","og_title":"Plano empresarial (1 ano) - Go-Hosting","og_description":"O plano Business oferece uma vantagem competitiva significativa com a inclus\u00e3o de 10 dom\u00ednios personalizados, permitindo-te gerir v\u00e1rios projectos, marcas ou \u00e1reas de neg\u00f3cio a partir de uma \u00fanica conta.Isto proporciona uma enorme flexibilidade e a capacidade de expandir a tua presen\u00e7a digital de uma forma organizada e eficiente.Para gerir e organizar os teus dados, ter\u00e1s acesso a 5 bases de dados, ideais para armazenar grandes volumes de informa\u00e7\u00e3o e desenvolver aplica\u00e7\u00f5es complexas.A estrutura robusta do plano Business garante que as tuas opera\u00e7\u00f5es online sejam r\u00e1pidas, seguras e fi\u00e1veis.A comunica\u00e7\u00e3o \u00e9 a espinha dorsal de qualquer neg\u00f3cio de sucesso, e o nosso plano Business n\u00e3o deixa nada a desejar.Com contas de e-mail ilimitadas, podes criar endere\u00e7os personalizados para toda a tua equipa, garantindo uma comunica\u00e7\u00e3o interna e externa profissional e eficiente.Al\u00e9m disso, com 10 reencaminhamentos de e-mail e 10 autoresponders, podes gerir as tuas mensagens de forma avan\u00e7ada, garantindo que nenhum e-mail importante se perde e que os teus clientes recebem respostas r\u00e1pidas e automatizadas.A gest\u00e3o de todas estas funcionalidades \u00e9 simplificada gra\u00e7as ao acesso ao painel de controlo.Com uma interface intuitiva e f\u00e1cil de usar, podes gerir dom\u00ednios, configurar contas de e-mail, monitorizar a utiliza\u00e7\u00e3o de recursos e realizar v\u00e1rias tarefas administrativas com apenas alguns cliques.A nossa equipa de suporte dedicada est\u00e1 sempre dispon\u00edvel para prestar assist\u00eancia, garantindo que tem uma experi\u00eancia tranquila e produtiva.","og_url":"https:\/\/www.gohosting.co.mz\/pt-pt\/product\/negocio\/","og_site_name":"Go-Hosting","article_publisher":"https:\/\/www.facebook.com\/servicosit","article_modified_time":"2026-02-03T18:17:59+00:00","og_image":[{"width":500,"height":333,"url":"https:\/\/www.gohosting.co.mz\/wp-content\/uploads\/2024\/06\/Businesscloud-3406627_12801-e1586977360157-500x333-1.jpg","type":"image\/jpeg"}],"twitter_card":"summary_large_image","twitter_misc":{"Tempo estimado de leitura":"3 minutos"},"schema":{"@context":"https:\/\/schema.org","@graph":[{"@type":"WebPage","@id":"https:\/\/www.gohosting.co.mz\/pt-pt\/product\/negocio\/","url":"https:\/\/www.gohosting.co.mz\/pt-pt\/product\/negocio\/","name":"Plano empresarial (1 ano) - Go-Hosting","isPartOf":{"@id":"https:\/\/www.gohosting.co.mz\/pt-pt\/#website"},"primaryImageOfPage":{"@id":"https:\/\/www.gohosting.co.mz\/pt-pt\/product\/negocio\/#primaryimage"},"image":{"@id":"https:\/\/www.gohosting.co.mz\/pt-pt\/product\/negocio\/#primaryimage"},"thumbnailUrl":"https:\/\/www.gohosting.co.mz\/wp-content\/uploads\/2024\/06\/Businesscloud-3406627_12801-e1586977360157-500x333-1.jpg","datePublished":"2024-05-27T15:22:49+00:00","dateModified":"2026-02-03T18:17:59+00:00","description":"O plano Business oferece uma vantagem competitiva significativa com a inclus\u00e3o de 10 dom\u00ednios personalizados, permitindo-te gerir v\u00e1rios projectos, marcas ou \u00e1reas de neg\u00f3cio a partir de uma \u00fanica conta.Isto proporciona uma enorme flexibilidade e a capacidade de expandir a tua presen\u00e7a digital de uma forma organizada e eficiente.Para gerir e organizar os teus dados, ter\u00e1s acesso a 5 bases de dados, ideais para armazenar grandes volumes de informa\u00e7\u00e3o e desenvolver aplica\u00e7\u00f5es complexas.A estrutura robusta do plano Business garante que as tuas opera\u00e7\u00f5es online sejam r\u00e1pidas, seguras e fi\u00e1veis.A comunica\u00e7\u00e3o \u00e9 a espinha dorsal de qualquer neg\u00f3cio de sucesso, e o nosso plano Business n\u00e3o deixa nada a desejar.Com contas de e-mail ilimitadas, podes criar endere\u00e7os personalizados para toda a tua equipa, garantindo uma comunica\u00e7\u00e3o interna e externa profissional e eficiente.Al\u00e9m disso, com 10 reencaminhamentos de e-mail e 10 autoresponders, podes gerir as tuas mensagens de forma avan\u00e7ada, garantindo que nenhum e-mail importante se perde e que os teus clientes recebem respostas r\u00e1pidas e automatizadas.A gest\u00e3o de todas estas funcionalidades \u00e9 simplificada gra\u00e7as ao acesso ao painel de controlo.Com uma interface intuitiva e f\u00e1cil de usar, podes gerir dom\u00ednios, configurar contas de e-mail, monitorizar a utiliza\u00e7\u00e3o de recursos e realizar v\u00e1rias tarefas administrativas com apenas alguns cliques.A nossa equipa de suporte dedicada est\u00e1 sempre dispon\u00edvel para prestar assist\u00eancia, garantindo que tem uma experi\u00eancia tranquila e produtiva.","breadcrumb":{"@id":"https:\/\/www.gohosting.co.mz\/pt-pt\/product\/negocio\/#breadcrumb"},"inLanguage":"pt-PT","potentialAction":[{"@type":"ReadAction","target":["https:\/\/www.gohosting.co.mz\/pt-pt\/product\/negocio\/"]}]},{"@type":"ImageObject","inLanguage":"pt-PT","@id":"https:\/\/www.gohosting.co.mz\/pt-pt\/product\/negocio\/#primaryimage","url":"https:\/\/www.gohosting.co.mz\/wp-content\/uploads\/2024\/06\/Businesscloud-3406627_12801-e1586977360157-500x333-1.jpg","contentUrl":"https:\/\/www.gohosting.co.mz\/wp-content\/uploads\/2024\/06\/Businesscloud-3406627_12801-e1586977360157-500x333-1.jpg","width":500,"height":333},{"@type":"BreadcrumbList","@id":"https:\/\/www.gohosting.co.mz\/pt-pt\/product\/negocio\/#breadcrumb","itemListElement":[{"@type":"ListItem","position":1,"name":"Home","item":"https:\/\/www.gohosting.co.mz\/pt-pt\/"},{"@type":"ListItem","position":2,"name":"Go-Hosting","item":"https:\/\/www.gohosting.co.mz\/hosting\/"},{"@type":"ListItem","position":3,"name":"Plano empresarial (1 ano)"}]},{"@type":"WebSite","@id":"https:\/\/www.gohosting.co.mz\/pt-pt\/#website","url":"https:\/\/www.gohosting.co.mz\/pt-pt\/","name":"Servit","description":"Start hosting today","publisher":{"@id":"https:\/\/www.gohosting.co.mz\/pt-pt\/#organization"},"potentialAction":[{"@type":"SearchAction","target":{"@type":"EntryPoint","urlTemplate":"https:\/\/www.gohosting.co.mz\/pt-pt\/?s={search_term_string}"},"query-input":{"@type":"PropertyValueSpecification","valueRequired":true,"valueName":"search_term_string"}}],"inLanguage":"pt-PT"},{"@type":"Organization","@id":"https:\/\/www.gohosting.co.mz\/pt-pt\/#organization","name":"Servit","url":"https:\/\/www.gohosting.co.mz\/pt-pt\/","logo":{"@type":"ImageObject","inLanguage":"pt-PT","@id":"https:\/\/www.gohosting.co.mz\/pt-pt\/#\/schema\/logo\/image\/","url":"https:\/\/i0.wp.com\/servitlda.com\/wp-content\/uploads\/2024\/06\/Logo-user.png?fit=149%2C100&ssl=1","contentUrl":"https:\/\/i0.wp.com\/servitlda.com\/wp-content\/uploads\/2024\/06\/Logo-user.png?fit=149%2C100&ssl=1","width":149,"height":100,"caption":"Servit"},"image":{"@id":"https:\/\/www.gohosting.co.mz\/pt-pt\/#\/schema\/logo\/image\/"},"sameAs":["https:\/\/www.facebook.com\/servicosit","https:\/\/www.linkedin.com\/company\/servitlda\/","https:\/\/www.youtube.com\/@servitlda6299"]}]}},"_links":{"self":[{"href":"https:\/\/www.gohosting.co.mz\/pt-pt\/wp-json\/wp\/v2\/product\/1727","targetHints":{"allow":["GET"]}}],"collection":[{"href":"https:\/\/www.gohosting.co.mz\/pt-pt\/wp-json\/wp\/v2\/product"}],"about":[{"href":"https:\/\/www.gohosting.co.mz\/pt-pt\/wp-json\/wp\/v2\/types\/product"}],"replies":[{"embeddable":true,"href":"https:\/\/www.gohosting.co.mz\/pt-pt\/wp-json\/wp\/v2\/comments?post=1727"}],"wp:featuredmedia":[{"embeddable":true,"href":"https:\/\/www.gohosting.co.mz\/pt-pt\/wp-json\/wp\/v2\/media\/1470"}],"wp:attachment":[{"href":"https:\/\/www.gohosting.co.mz\/pt-pt\/wp-json\/wp\/v2\/media?parent=1727"}],"wp:term":[{"taxonomy":"product_brand","embeddable":true,"href":"https:\/\/www.gohosting.co.mz\/pt-pt\/wp-json\/wp\/v2\/product_brand?post=1727"},{"taxonomy":"product_cat","embeddable":true,"href":"https:\/\/www.gohosting.co.mz\/pt-pt\/wp-json\/wp\/v2\/product_cat?post=1727"},{"taxonomy":"product_tag","embeddable":true,"href":"https:\/\/www.gohosting.co.mz\/pt-pt\/wp-json\/wp\/v2\/product_tag?post=1727"}],"curies":[{"name":"wp","href":"https:\/\/api.w.org\/{rel}","templated":true}]}}