{"id":1728,"date":"2024-05-21T15:24:18","date_gmt":"2024-05-21T15:24:18","guid":{"rendered":"https:\/\/servitlda.com\/index.php\/\/product\/basico\/"},"modified":"2026-02-04T00:15:15","modified_gmt":"2026-02-03T22:15:15","slug":"basico","status":"publish","type":"product","link":"https:\/\/www.gohosting.co.mz\/pt-pt\/product\/basico\/","title":{"rendered":"Plano b\u00e1sico (1 ano)"},"content":{"rendered":"<p data-path-to-node=\"4\"><span style=\"color: #000000;\">Desbloqueia todo o potencial da tua presen\u00e7a digital com o nosso <b data-path-to-node=\"4\" data-index-in-node=\"65\">Plano B\u00e1sico<\/b>, uma solu\u00e7\u00e3o abrangente e robusta, desenhada especificamente para impulsionar o sucesso do teu neg\u00f3cio na Web. Com uma generosa atribui\u00e7\u00e3o de <b data-path-to-node=\"4\" data-index-in-node=\"220\">15000 MB de armazenamento<\/b> e <b data-path-to-node=\"4\" data-index-in-node=\"249\">Largura de Banda Ilimitada<\/b>, ter\u00e1s todo o espa\u00e7o e a velocidade de que precisas para crescer sem restri\u00e7\u00f5es, garantindo que o teu site esteja sempre dispon\u00edvel e r\u00e1pido para os teus clientes. Este pacote inclui o registo de um <b data-path-to-node=\"4\" data-index-in-node=\"475\">dom\u00ednio personalizado<\/b>, proporcionando a identidade \u00fanica e profissional que a tua marca merece no mercado atual.<\/span><\/p>\n<p data-path-to-node=\"5\"><span style=\"color: #000000;\">A organiza\u00e7\u00e3o e a comunica\u00e7\u00e3o s\u00e3o os pilares deste plano. Atrav\u00e9s do acesso a uma <b data-path-to-node=\"5\" data-index-in-node=\"82\">base de dados<\/b> dedicada, podes gerir as tuas informa\u00e7\u00f5es com total efic\u00e1cia, assegurando o bom funcionamento de todos os teus projetos. No que toca ao contacto com o p\u00fablico, oferecemos <b data-path-to-node=\"5\" data-index-in-node=\"267\">contas de e-mail ilimitadas<\/b>, permitindo uma expans\u00e3o sem limites da tua estrutura de comunica\u00e7\u00e3o. Para otimizar o teu tempo, o plano conta ainda com <strong>tr\u00eas reencaminhamentos estrat\u00e9gicos<\/strong> e um sistema de <b data-path-to-node=\"5\" data-index-in-node=\"468\">resposta autom\u00e1tica<\/b>, garantindo um atendimento imediato e profissional em qualquer situa\u00e7\u00e3o.<\/span><\/p>\n<p data-path-to-node=\"6\"><span style=\"color: #000000;\">Acreditamos na total autonomia dos nossos clientes, por isso, tal como em todos os nossos servi\u00e7os, este plano inclui <b data-path-to-node=\"6\" data-index-in-node=\"118\">acesso total ao painel de controlo<\/b>. Esta ferramenta intuitiva permite-te gerir todos os aspetos do teu alojamento de forma simples e direta, sem complica\u00e7\u00f5es t\u00e9cnicas. Com o Plano B\u00e1sico, n\u00e3o est\u00e1s apenas a contratar um servi\u00e7o de alojamento, mas sim, a construir uma funda\u00e7\u00e3o s\u00f3lida e escal\u00e1vel para o teu futuro sucesso. N\u00e3o esperes mais e d\u00ea hoje o passo decisivo para uma presen\u00e7a online poderosa!<\/span><\/p>\n","protected":false},"excerpt":{"rendered":"<p><span style=\"color: #000000;\">Aumenta a tua presen\u00e7a online sem esfor\u00e7o com o nosso Plano B\u00e1sico:<\/span><\/p>\n<ul>\n<li><span style=\"color: #000000;\">Espa\u00e7o (MB) &#8211; 15000MB<\/span><\/li>\n<li><span style=\"color: #000000;\">Consumo (GB) &#8211; Ilimitado<\/span><\/li>\n<li><span style=\"color: #000000;\">Dom\u00ednio &#8211; 1<\/span><\/li>\n<li><span style=\"color: #000000;\">Base de dados &#8211; 1<\/span><\/li>\n<li><span style=\"color: #000000;\">Correio eletr\u00f3nico &#8211; Ilimitado<\/span><\/li>\n<li><span style=\"color: #000000;\">Reencaminhamento de correio eletr\u00f3nico &#8211; 3<\/span><\/li>\n<li><span style=\"color: #000000;\">Resposta autom\u00e1tica por correio eletr\u00f3nico &#8211; 1<\/span><\/li>\n<li><span style=\"color: #000000;\">Acesso ao painel de controlo &#8211; Sim<\/span><\/li>\n<\/ul>\n","protected":false},"featured_media":1464,"comment_status":"open","ping_status":"closed","template":"","meta":[],"product_brand":[],"product_cat":[43],"product_tag":[],"class_list":{"0":"post-1728","1":"product","2":"type-product","3":"status-publish","4":"has-post-thumbnail","6":"product_cat-pacotes","8":"first","9":"instock","10":"virtual","11":"purchasable","12":"product-type-simple"},"yoast_head":"<!-- This site is optimized with the Yoast SEO plugin v27.2 - https:\/\/yoast.com\/product\/yoast-seo-wordpress\/ -->\n<title>Plano b\u00e1sico (1 ano) - Go-Hosting<\/title>\n<meta name=\"description\" content=\"O Plano B\u00e1sico \u00e9 uma solu\u00e7\u00e3o abrangente e robusta, desenhada especificamente para impulsionar o sucesso do teu neg\u00f3cio na Web. Com uma generosa atribui\u00e7\u00e3o de 15000 MB de armazenamento e Largura de Banda Ilimitada, ter\u00e1s todo o espa\u00e7o e a velocidade de que precisas para crescer sem restri\u00e7\u00f5es, garantindo que o teu site esteja sempre dispon\u00edvel e r\u00e1pido para os teus clientes. Este pacote inclui o registo de um dom\u00ednio personalizado, proporcionando a identidade \u00fanica e profissional que a tua marca merece no mercado atual.A organiza\u00e7\u00e3o e a comunica\u00e7\u00e3o s\u00e3o os pilares deste plano. Atrav\u00e9s do acesso a uma base de dados dedicada, podes gerir as tuas informa\u00e7\u00f5es com total efic\u00e1cia, assegurando o bom funcionamento de todos os teus projetos. No que toca ao contacto com o p\u00fablico, oferecemos contas de e-mail ilimitadas, permitindo uma expans\u00e3o sem limites da tua estrutura de comunica\u00e7\u00e3o. Para otimizar o teu tempo, o plano conta ainda com tr\u00eas reencaminhamentos estrat\u00e9gicos e um sistema de resposta autom\u00e1tica, garantindo um atendimento imediato e profissional em qualquer situa\u00e7\u00e3o.Acreditamos na total autonomia dos nossos clientes, por isso, tal como em todos os nossos servi\u00e7os, este plano inclui acesso total ao painel de controlo. Esta ferramenta intuitiva permite-te gerir todos os aspetos do teu alojamento de forma simples e direta, sem complica\u00e7\u00f5es t\u00e9cnicas.\" \/>\n<meta name=\"robots\" content=\"index, follow, max-snippet:-1, max-image-preview:large, max-video-preview:-1\" \/>\n<link rel=\"canonical\" href=\"https:\/\/www.gohosting.co.mz\/pt-pt\/product\/basico\/\" \/>\n<meta property=\"og:locale\" content=\"pt_PT\" \/>\n<meta property=\"og:type\" content=\"article\" \/>\n<meta property=\"og:title\" content=\"Plano b\u00e1sico (1 ano) - Go-Hosting\" \/>\n<meta property=\"og:description\" content=\"O Plano B\u00e1sico \u00e9 uma solu\u00e7\u00e3o abrangente e robusta, desenhada especificamente para impulsionar o sucesso do teu neg\u00f3cio na Web. Com uma generosa atribui\u00e7\u00e3o de 15000 MB de armazenamento e Largura de Banda Ilimitada, ter\u00e1s todo o espa\u00e7o e a velocidade de que precisas para crescer sem restri\u00e7\u00f5es, garantindo que o teu site esteja sempre dispon\u00edvel e r\u00e1pido para os teus clientes. Este pacote inclui o registo de um dom\u00ednio personalizado, proporcionando a identidade \u00fanica e profissional que a tua marca merece no mercado atual.A organiza\u00e7\u00e3o e a comunica\u00e7\u00e3o s\u00e3o os pilares deste plano. Atrav\u00e9s do acesso a uma base de dados dedicada, podes gerir as tuas informa\u00e7\u00f5es com total efic\u00e1cia, assegurando o bom funcionamento de todos os teus projetos. No que toca ao contacto com o p\u00fablico, oferecemos contas de e-mail ilimitadas, permitindo uma expans\u00e3o sem limites da tua estrutura de comunica\u00e7\u00e3o. Para otimizar o teu tempo, o plano conta ainda com tr\u00eas reencaminhamentos estrat\u00e9gicos e um sistema de resposta autom\u00e1tica, garantindo um atendimento imediato e profissional em qualquer situa\u00e7\u00e3o.Acreditamos na total autonomia dos nossos clientes, por isso, tal como em todos os nossos servi\u00e7os, este plano inclui acesso total ao painel de controlo. Esta ferramenta intuitiva permite-te gerir todos os aspetos do teu alojamento de forma simples e direta, sem complica\u00e7\u00f5es t\u00e9cnicas.\" \/>\n<meta property=\"og:url\" content=\"https:\/\/www.gohosting.co.mz\/pt-pt\/product\/basico\/\" \/>\n<meta property=\"og:site_name\" content=\"Go-Hosting\" \/>\n<meta property=\"article:publisher\" content=\"https:\/\/www.facebook.com\/servicosit\" \/>\n<meta property=\"article:modified_time\" content=\"2026-02-03T22:15:15+00:00\" \/>\n<meta property=\"og:image\" content=\"https:\/\/www.gohosting.co.mz\/wp-content\/uploads\/2024\/06\/Basicarrow-concept-growth-businessman1-e1586977514179-500x333-1.jpg\" \/>\n\t<meta property=\"og:image:width\" content=\"500\" \/>\n\t<meta property=\"og:image:height\" content=\"333\" \/>\n\t<meta property=\"og:image:type\" content=\"image\/jpeg\" \/>\n<meta name=\"twitter:card\" content=\"summary_large_image\" \/>\n<meta name=\"twitter:label1\" content=\"Tempo estimado de leitura\" \/>\n\t<meta name=\"twitter:data1\" content=\"2 minutos\" \/>\n<script type=\"application\/ld+json\" class=\"yoast-schema-graph\">{\"@context\":\"https:\/\/schema.org\",\"@graph\":[{\"@type\":\"WebPage\",\"@id\":\"https:\/\/www.gohosting.co.mz\/pt-pt\/product\/basico\/\",\"url\":\"https:\/\/www.gohosting.co.mz\/pt-pt\/product\/basico\/\",\"name\":\"Plano b\u00e1sico (1 ano) - Go-Hosting\",\"isPartOf\":{\"@id\":\"https:\/\/www.gohosting.co.mz\/pt-pt\/#website\"},\"primaryImageOfPage\":{\"@id\":\"https:\/\/www.gohosting.co.mz\/pt-pt\/product\/basico\/#primaryimage\"},\"image\":{\"@id\":\"https:\/\/www.gohosting.co.mz\/pt-pt\/product\/basico\/#primaryimage\"},\"thumbnailUrl\":\"https:\/\/www.gohosting.co.mz\/wp-content\/uploads\/2024\/06\/Basicarrow-concept-growth-businessman1-e1586977514179-500x333-1.jpg\",\"datePublished\":\"2024-05-21T15:24:18+00:00\",\"dateModified\":\"2026-02-03T22:15:15+00:00\",\"description\":\"O Plano B\u00e1sico \u00e9 uma solu\u00e7\u00e3o abrangente e robusta, desenhada especificamente para impulsionar o sucesso do teu neg\u00f3cio na Web. Com uma generosa atribui\u00e7\u00e3o de 15000 MB de armazenamento e Largura de Banda Ilimitada, ter\u00e1s todo o espa\u00e7o e a velocidade de que precisas para crescer sem restri\u00e7\u00f5es, garantindo que o teu site esteja sempre dispon\u00edvel e r\u00e1pido para os teus clientes. Este pacote inclui o registo de um dom\u00ednio personalizado, proporcionando a identidade \u00fanica e profissional que a tua marca merece no mercado atual.A organiza\u00e7\u00e3o e a comunica\u00e7\u00e3o s\u00e3o os pilares deste plano. Atrav\u00e9s do acesso a uma base de dados dedicada, podes gerir as tuas informa\u00e7\u00f5es com total efic\u00e1cia, assegurando o bom funcionamento de todos os teus projetos. No que toca ao contacto com o p\u00fablico, oferecemos contas de e-mail ilimitadas, permitindo uma expans\u00e3o sem limites da tua estrutura de comunica\u00e7\u00e3o. Para otimizar o teu tempo, o plano conta ainda com tr\u00eas reencaminhamentos estrat\u00e9gicos e um sistema de resposta autom\u00e1tica, garantindo um atendimento imediato e profissional em qualquer situa\u00e7\u00e3o.Acreditamos na total autonomia dos nossos clientes, por isso, tal como em todos os nossos servi\u00e7os, este plano inclui acesso total ao painel de controlo. Esta ferramenta intuitiva permite-te gerir todos os aspetos do teu alojamento de forma simples e direta, sem complica\u00e7\u00f5es t\u00e9cnicas.\",\"breadcrumb\":{\"@id\":\"https:\/\/www.gohosting.co.mz\/pt-pt\/product\/basico\/#breadcrumb\"},\"inLanguage\":\"pt-PT\",\"potentialAction\":[{\"@type\":\"ReadAction\",\"target\":[\"https:\/\/www.gohosting.co.mz\/pt-pt\/product\/basico\/\"]}]},{\"@type\":\"ImageObject\",\"inLanguage\":\"pt-PT\",\"@id\":\"https:\/\/www.gohosting.co.mz\/pt-pt\/product\/basico\/#primaryimage\",\"url\":\"https:\/\/www.gohosting.co.mz\/wp-content\/uploads\/2024\/06\/Basicarrow-concept-growth-businessman1-e1586977514179-500x333-1.jpg\",\"contentUrl\":\"https:\/\/www.gohosting.co.mz\/wp-content\/uploads\/2024\/06\/Basicarrow-concept-growth-businessman1-e1586977514179-500x333-1.jpg\",\"width\":500,\"height\":333},{\"@type\":\"BreadcrumbList\",\"@id\":\"https:\/\/www.gohosting.co.mz\/pt-pt\/product\/basico\/#breadcrumb\",\"itemListElement\":[{\"@type\":\"ListItem\",\"position\":1,\"name\":\"Home\",\"item\":\"https:\/\/www.gohosting.co.mz\/pt-pt\/\"},{\"@type\":\"ListItem\",\"position\":2,\"name\":\"Go-Hosting\",\"item\":\"https:\/\/www.gohosting.co.mz\/hosting\/\"},{\"@type\":\"ListItem\",\"position\":3,\"name\":\"Plano b\u00e1sico (1 ano)\"}]},{\"@type\":\"WebSite\",\"@id\":\"https:\/\/www.gohosting.co.mz\/pt-pt\/#website\",\"url\":\"https:\/\/www.gohosting.co.mz\/pt-pt\/\",\"name\":\"Servit\",\"description\":\"Start hosting today\",\"publisher\":{\"@id\":\"https:\/\/www.gohosting.co.mz\/pt-pt\/#organization\"},\"potentialAction\":[{\"@type\":\"SearchAction\",\"target\":{\"@type\":\"EntryPoint\",\"urlTemplate\":\"https:\/\/www.gohosting.co.mz\/pt-pt\/?s={search_term_string}\"},\"query-input\":{\"@type\":\"PropertyValueSpecification\",\"valueRequired\":true,\"valueName\":\"search_term_string\"}}],\"inLanguage\":\"pt-PT\"},{\"@type\":\"Organization\",\"@id\":\"https:\/\/www.gohosting.co.mz\/pt-pt\/#organization\",\"name\":\"Servit\",\"url\":\"https:\/\/www.gohosting.co.mz\/pt-pt\/\",\"logo\":{\"@type\":\"ImageObject\",\"inLanguage\":\"pt-PT\",\"@id\":\"https:\/\/www.gohosting.co.mz\/pt-pt\/#\/schema\/logo\/image\/\",\"url\":\"https:\/\/i0.wp.com\/servitlda.com\/wp-content\/uploads\/2024\/06\/Logo-user.png?fit=149%2C100&ssl=1\",\"contentUrl\":\"https:\/\/i0.wp.com\/servitlda.com\/wp-content\/uploads\/2024\/06\/Logo-user.png?fit=149%2C100&ssl=1\",\"width\":149,\"height\":100,\"caption\":\"Servit\"},\"image\":{\"@id\":\"https:\/\/www.gohosting.co.mz\/pt-pt\/#\/schema\/logo\/image\/\"},\"sameAs\":[\"https:\/\/www.facebook.com\/servicosit\",\"https:\/\/www.linkedin.com\/company\/servitlda\/\",\"https:\/\/www.youtube.com\/@servitlda6299\"]}]}<\/script>\n<!-- \/ Yoast SEO plugin. -->","yoast_head_json":{"title":"Plano b\u00e1sico (1 ano) - Go-Hosting","description":"O Plano B\u00e1sico \u00e9 uma solu\u00e7\u00e3o abrangente e robusta, desenhada especificamente para impulsionar o sucesso do teu neg\u00f3cio na Web. Com uma generosa atribui\u00e7\u00e3o de 15000 MB de armazenamento e Largura de Banda Ilimitada, ter\u00e1s todo o espa\u00e7o e a velocidade de que precisas para crescer sem restri\u00e7\u00f5es, garantindo que o teu site esteja sempre dispon\u00edvel e r\u00e1pido para os teus clientes. Este pacote inclui o registo de um dom\u00ednio personalizado, proporcionando a identidade \u00fanica e profissional que a tua marca merece no mercado atual.A organiza\u00e7\u00e3o e a comunica\u00e7\u00e3o s\u00e3o os pilares deste plano. Atrav\u00e9s do acesso a uma base de dados dedicada, podes gerir as tuas informa\u00e7\u00f5es com total efic\u00e1cia, assegurando o bom funcionamento de todos os teus projetos. No que toca ao contacto com o p\u00fablico, oferecemos contas de e-mail ilimitadas, permitindo uma expans\u00e3o sem limites da tua estrutura de comunica\u00e7\u00e3o. Para otimizar o teu tempo, o plano conta ainda com tr\u00eas reencaminhamentos estrat\u00e9gicos e um sistema de resposta autom\u00e1tica, garantindo um atendimento imediato e profissional em qualquer situa\u00e7\u00e3o.Acreditamos na total autonomia dos nossos clientes, por isso, tal como em todos os nossos servi\u00e7os, este plano inclui acesso total ao painel de controlo. Esta ferramenta intuitiva permite-te gerir todos os aspetos do teu alojamento de forma simples e direta, sem complica\u00e7\u00f5es t\u00e9cnicas.","robots":{"index":"index","follow":"follow","max-snippet":"max-snippet:-1","max-image-preview":"max-image-preview:large","max-video-preview":"max-video-preview:-1"},"canonical":"https:\/\/www.gohosting.co.mz\/pt-pt\/product\/basico\/","og_locale":"pt_PT","og_type":"article","og_title":"Plano b\u00e1sico (1 ano) - Go-Hosting","og_description":"O Plano B\u00e1sico \u00e9 uma solu\u00e7\u00e3o abrangente e robusta, desenhada especificamente para impulsionar o sucesso do teu neg\u00f3cio na Web. Com uma generosa atribui\u00e7\u00e3o de 15000 MB de armazenamento e Largura de Banda Ilimitada, ter\u00e1s todo o espa\u00e7o e a velocidade de que precisas para crescer sem restri\u00e7\u00f5es, garantindo que o teu site esteja sempre dispon\u00edvel e r\u00e1pido para os teus clientes. Este pacote inclui o registo de um dom\u00ednio personalizado, proporcionando a identidade \u00fanica e profissional que a tua marca merece no mercado atual.A organiza\u00e7\u00e3o e a comunica\u00e7\u00e3o s\u00e3o os pilares deste plano. Atrav\u00e9s do acesso a uma base de dados dedicada, podes gerir as tuas informa\u00e7\u00f5es com total efic\u00e1cia, assegurando o bom funcionamento de todos os teus projetos. No que toca ao contacto com o p\u00fablico, oferecemos contas de e-mail ilimitadas, permitindo uma expans\u00e3o sem limites da tua estrutura de comunica\u00e7\u00e3o. Para otimizar o teu tempo, o plano conta ainda com tr\u00eas reencaminhamentos estrat\u00e9gicos e um sistema de resposta autom\u00e1tica, garantindo um atendimento imediato e profissional em qualquer situa\u00e7\u00e3o.Acreditamos na total autonomia dos nossos clientes, por isso, tal como em todos os nossos servi\u00e7os, este plano inclui acesso total ao painel de controlo. Esta ferramenta intuitiva permite-te gerir todos os aspetos do teu alojamento de forma simples e direta, sem complica\u00e7\u00f5es t\u00e9cnicas.","og_url":"https:\/\/www.gohosting.co.mz\/pt-pt\/product\/basico\/","og_site_name":"Go-Hosting","article_publisher":"https:\/\/www.facebook.com\/servicosit","article_modified_time":"2026-02-03T22:15:15+00:00","og_image":[{"width":500,"height":333,"url":"https:\/\/www.gohosting.co.mz\/wp-content\/uploads\/2024\/06\/Basicarrow-concept-growth-businessman1-e1586977514179-500x333-1.jpg","type":"image\/jpeg"}],"twitter_card":"summary_large_image","twitter_misc":{"Tempo estimado de leitura":"2 minutos"},"schema":{"@context":"https:\/\/schema.org","@graph":[{"@type":"WebPage","@id":"https:\/\/www.gohosting.co.mz\/pt-pt\/product\/basico\/","url":"https:\/\/www.gohosting.co.mz\/pt-pt\/product\/basico\/","name":"Plano b\u00e1sico (1 ano) - Go-Hosting","isPartOf":{"@id":"https:\/\/www.gohosting.co.mz\/pt-pt\/#website"},"primaryImageOfPage":{"@id":"https:\/\/www.gohosting.co.mz\/pt-pt\/product\/basico\/#primaryimage"},"image":{"@id":"https:\/\/www.gohosting.co.mz\/pt-pt\/product\/basico\/#primaryimage"},"thumbnailUrl":"https:\/\/www.gohosting.co.mz\/wp-content\/uploads\/2024\/06\/Basicarrow-concept-growth-businessman1-e1586977514179-500x333-1.jpg","datePublished":"2024-05-21T15:24:18+00:00","dateModified":"2026-02-03T22:15:15+00:00","description":"O Plano B\u00e1sico \u00e9 uma solu\u00e7\u00e3o abrangente e robusta, desenhada especificamente para impulsionar o sucesso do teu neg\u00f3cio na Web. Com uma generosa atribui\u00e7\u00e3o de 15000 MB de armazenamento e Largura de Banda Ilimitada, ter\u00e1s todo o espa\u00e7o e a velocidade de que precisas para crescer sem restri\u00e7\u00f5es, garantindo que o teu site esteja sempre dispon\u00edvel e r\u00e1pido para os teus clientes. Este pacote inclui o registo de um dom\u00ednio personalizado, proporcionando a identidade \u00fanica e profissional que a tua marca merece no mercado atual.A organiza\u00e7\u00e3o e a comunica\u00e7\u00e3o s\u00e3o os pilares deste plano. Atrav\u00e9s do acesso a uma base de dados dedicada, podes gerir as tuas informa\u00e7\u00f5es com total efic\u00e1cia, assegurando o bom funcionamento de todos os teus projetos. No que toca ao contacto com o p\u00fablico, oferecemos contas de e-mail ilimitadas, permitindo uma expans\u00e3o sem limites da tua estrutura de comunica\u00e7\u00e3o. Para otimizar o teu tempo, o plano conta ainda com tr\u00eas reencaminhamentos estrat\u00e9gicos e um sistema de resposta autom\u00e1tica, garantindo um atendimento imediato e profissional em qualquer situa\u00e7\u00e3o.Acreditamos na total autonomia dos nossos clientes, por isso, tal como em todos os nossos servi\u00e7os, este plano inclui acesso total ao painel de controlo. Esta ferramenta intuitiva permite-te gerir todos os aspetos do teu alojamento de forma simples e direta, sem complica\u00e7\u00f5es t\u00e9cnicas.","breadcrumb":{"@id":"https:\/\/www.gohosting.co.mz\/pt-pt\/product\/basico\/#breadcrumb"},"inLanguage":"pt-PT","potentialAction":[{"@type":"ReadAction","target":["https:\/\/www.gohosting.co.mz\/pt-pt\/product\/basico\/"]}]},{"@type":"ImageObject","inLanguage":"pt-PT","@id":"https:\/\/www.gohosting.co.mz\/pt-pt\/product\/basico\/#primaryimage","url":"https:\/\/www.gohosting.co.mz\/wp-content\/uploads\/2024\/06\/Basicarrow-concept-growth-businessman1-e1586977514179-500x333-1.jpg","contentUrl":"https:\/\/www.gohosting.co.mz\/wp-content\/uploads\/2024\/06\/Basicarrow-concept-growth-businessman1-e1586977514179-500x333-1.jpg","width":500,"height":333},{"@type":"BreadcrumbList","@id":"https:\/\/www.gohosting.co.mz\/pt-pt\/product\/basico\/#breadcrumb","itemListElement":[{"@type":"ListItem","position":1,"name":"Home","item":"https:\/\/www.gohosting.co.mz\/pt-pt\/"},{"@type":"ListItem","position":2,"name":"Go-Hosting","item":"https:\/\/www.gohosting.co.mz\/hosting\/"},{"@type":"ListItem","position":3,"name":"Plano b\u00e1sico (1 ano)"}]},{"@type":"WebSite","@id":"https:\/\/www.gohosting.co.mz\/pt-pt\/#website","url":"https:\/\/www.gohosting.co.mz\/pt-pt\/","name":"Servit","description":"Start hosting today","publisher":{"@id":"https:\/\/www.gohosting.co.mz\/pt-pt\/#organization"},"potentialAction":[{"@type":"SearchAction","target":{"@type":"EntryPoint","urlTemplate":"https:\/\/www.gohosting.co.mz\/pt-pt\/?s={search_term_string}"},"query-input":{"@type":"PropertyValueSpecification","valueRequired":true,"valueName":"search_term_string"}}],"inLanguage":"pt-PT"},{"@type":"Organization","@id":"https:\/\/www.gohosting.co.mz\/pt-pt\/#organization","name":"Servit","url":"https:\/\/www.gohosting.co.mz\/pt-pt\/","logo":{"@type":"ImageObject","inLanguage":"pt-PT","@id":"https:\/\/www.gohosting.co.mz\/pt-pt\/#\/schema\/logo\/image\/","url":"https:\/\/i0.wp.com\/servitlda.com\/wp-content\/uploads\/2024\/06\/Logo-user.png?fit=149%2C100&ssl=1","contentUrl":"https:\/\/i0.wp.com\/servitlda.com\/wp-content\/uploads\/2024\/06\/Logo-user.png?fit=149%2C100&ssl=1","width":149,"height":100,"caption":"Servit"},"image":{"@id":"https:\/\/www.gohosting.co.mz\/pt-pt\/#\/schema\/logo\/image\/"},"sameAs":["https:\/\/www.facebook.com\/servicosit","https:\/\/www.linkedin.com\/company\/servitlda\/","https:\/\/www.youtube.com\/@servitlda6299"]}]}},"_links":{"self":[{"href":"https:\/\/www.gohosting.co.mz\/pt-pt\/wp-json\/wp\/v2\/product\/1728","targetHints":{"allow":["GET"]}}],"collection":[{"href":"https:\/\/www.gohosting.co.mz\/pt-pt\/wp-json\/wp\/v2\/product"}],"about":[{"href":"https:\/\/www.gohosting.co.mz\/pt-pt\/wp-json\/wp\/v2\/types\/product"}],"replies":[{"embeddable":true,"href":"https:\/\/www.gohosting.co.mz\/pt-pt\/wp-json\/wp\/v2\/comments?post=1728"}],"wp:featuredmedia":[{"embeddable":true,"href":"https:\/\/www.gohosting.co.mz\/pt-pt\/wp-json\/wp\/v2\/media\/1464"}],"wp:attachment":[{"href":"https:\/\/www.gohosting.co.mz\/pt-pt\/wp-json\/wp\/v2\/media?parent=1728"}],"wp:term":[{"taxonomy":"product_brand","embeddable":true,"href":"https:\/\/www.gohosting.co.mz\/pt-pt\/wp-json\/wp\/v2\/product_brand?post=1728"},{"taxonomy":"product_cat","embeddable":true,"href":"https:\/\/www.gohosting.co.mz\/pt-pt\/wp-json\/wp\/v2\/product_cat?post=1728"},{"taxonomy":"product_tag","embeddable":true,"href":"https:\/\/www.gohosting.co.mz\/pt-pt\/wp-json\/wp\/v2\/product_tag?post=1728"}],"curies":[{"name":"wp","href":"https:\/\/api.w.org\/{rel}","templated":true}]}}