{"id":1729,"date":"2024-05-09T13:57:28","date_gmt":"2024-05-09T13:57:28","guid":{"rendered":"https:\/\/servitlda.com\/index.php\/\/product\/micro\/"},"modified":"2026-02-04T01:15:42","modified_gmt":"2026-02-03T23:15:42","slug":"micro","status":"publish","type":"product","link":"https:\/\/www.gohosting.co.mz\/pt-pt\/product\/micro\/","title":{"rendered":"Plano Micro (1 ano)"},"content":{"rendered":"<p data-path-to-node=\"3\"><span style=\"color: #000000;\">Embarca na tua viagem online com o nosso plano de alojamento <b data-path-to-node=\"3\" data-index-in-node=\"61\">Micro<\/b>, desenhado especificamente para quem se est\u00e1 a aventurar no mundo digital e procura uma solu\u00e7\u00e3o \u00e1gil e eficiente. Agora com uns impressionantes <b data-path-to-node=\"3\" data-index-in-node=\"211\">6000 MB de espa\u00e7o de armazenamento<\/b> e <strong>l<\/strong><b data-path-to-node=\"3\" data-index-in-node=\"249\">argura de banda Ilimitada<\/b>, este plano oferece uma base s\u00f3lida e fi\u00e1vel para estabeleceres a tua presen\u00e7a online sem te preocupares com limites de tr\u00e1fego. Ao incluirmos <b data-path-to-node=\"3\" data-index-in-node=\"411\">1 dom\u00ednio<\/b> e a possibilidade de criar <b data-path-to-node=\"3\" data-index-in-node=\"448\">contas de e-mail ilimitadas<\/b>, garantimos que a tua identidade web seja profissional e que a comunica\u00e7\u00e3o com os teus clientes flua sem barreiras.<\/span><\/p>\n<p data-path-to-node=\"4\"><span style=\"color: #000000;\">Apesar de ser o nosso plano de entrada, o pacote Micro n\u00e3o compromete o desempenho nem a funcionalidade. Com acesso a <b data-path-to-node=\"4\" data-index-in-node=\"118\">1 base de dados<\/b> e, tal como em todos os nossos planos, <b data-path-to-node=\"4\" data-index-in-node=\"173\">acesso total ao painel de controlo<\/b>, tens toda a autonomia necess\u00e1ria para gerir e dar vida ao teu projeto com facilidade. Este plano prova que, mesmo come\u00e7ando com um formato compacto, podes usufruir de ferramentas essenciais e potentes para crescer. Desbrava o mundo digital e d\u00ea os primeiros passos para o sucesso online com a confian\u00e7a de ter tecnologia de ponta ao teu dispor!<\/span><\/p>\n","protected":false},"excerpt":{"rendered":"<p><span style=\"color: #000000;\">O nosso plano de alojamento <strong>Micro<\/strong>\u00a0\u00e9 perfeito para quem est\u00e1 a dar os primeiros passos na Internet.<\/span><\/p>\n<ul>\n<li><span style=\"color: #000000;\">Espa\u00e7o (MB) &#8211; 6000MB<\/span><\/li>\n<li><span style=\"color: #000000;\">Consumo (GB) &#8211; Ilimitado<\/span><\/li>\n<li><span style=\"color: #000000;\">Dom\u00ednio &#8211; 1<\/span><\/li>\n<li><span style=\"color: #000000;\">Base de dados &#8211; 1<\/span><\/li>\n<li><span style=\"color: #000000;\">Correio eletr\u00f3nico &#8211; Ilimitado<\/span><\/li>\n<li><span style=\"color: #000000;\">Reenvio de correio eletr\u00f3nico &#8211; 0<\/span><\/li>\n<li><span style=\"color: #000000;\">Resposta autom\u00e1tica do e-mail &#8211; 0<\/span><\/li>\n<li><span style=\"color: #000000;\">Acesso ao painel de controlo &#8211; Sim<\/span><\/li>\n<\/ul>\n","protected":false},"featured_media":1466,"comment_status":"open","ping_status":"closed","template":"","meta":[],"product_brand":[],"product_cat":[43],"product_tag":[],"class_list":{"0":"post-1729","1":"product","2":"type-product","3":"status-publish","4":"has-post-thumbnail","6":"product_cat-pacotes","8":"first","9":"instock","10":"virtual","11":"purchasable","12":"product-type-simple"},"yoast_head":"<!-- This site is optimized with the Yoast SEO plugin v27.2 - https:\/\/yoast.com\/product\/yoast-seo-wordpress\/ -->\n<title>Plano Micro (1 ano) - Go-Hosting<\/title>\n<meta name=\"description\" content=\"O plano de alojamento Micro foi desenhado especificamente para quem est\u00e1 a aventurar no mundo digital e procura uma solu\u00e7\u00e3o \u00e1gil e eficiente. Cont\u00e9m 6000 MB de espa\u00e7o de armazenamento, largura de banda Ilimitada e oferece uma base s\u00f3lida e fi\u00e1vel para estabeleceres a tua presen\u00e7a online sem te preocupares com limites de tr\u00e1fego. Ao incluirmos 1 dom\u00ednio e a possibilidade de criar contas de e-mail ilimitadas, garantimos que a tua identidade web seja profissional e que a comunica\u00e7\u00e3o com os teus clientes flua sem barreiras.Apesar de ser o nosso plano de entrada, o pacote Micro n\u00e3o compromete o desempenho nem a funcionalidade. Com acesso a 1 base de dados e, tal como em todos os nossos planos, acesso total ao painel de controlo, tens toda a autonomia necess\u00e1ria para gerir e dar vida ao teu projeto com facilidade.\" \/>\n<meta name=\"robots\" content=\"index, follow, max-snippet:-1, max-image-preview:large, max-video-preview:-1\" \/>\n<link rel=\"canonical\" href=\"https:\/\/www.gohosting.co.mz\/pt-pt\/product\/micro\/\" \/>\n<meta property=\"og:locale\" content=\"pt_PT\" \/>\n<meta property=\"og:type\" content=\"article\" \/>\n<meta property=\"og:title\" content=\"Plano Micro (1 ano) - Go-Hosting\" \/>\n<meta property=\"og:description\" content=\"O plano de alojamento Micro foi desenhado especificamente para quem est\u00e1 a aventurar no mundo digital e procura uma solu\u00e7\u00e3o \u00e1gil e eficiente. Cont\u00e9m 6000 MB de espa\u00e7o de armazenamento, largura de banda Ilimitada e oferece uma base s\u00f3lida e fi\u00e1vel para estabeleceres a tua presen\u00e7a online sem te preocupares com limites de tr\u00e1fego. Ao incluirmos 1 dom\u00ednio e a possibilidade de criar contas de e-mail ilimitadas, garantimos que a tua identidade web seja profissional e que a comunica\u00e7\u00e3o com os teus clientes flua sem barreiras.Apesar de ser o nosso plano de entrada, o pacote Micro n\u00e3o compromete o desempenho nem a funcionalidade. Com acesso a 1 base de dados e, tal como em todos os nossos planos, acesso total ao painel de controlo, tens toda a autonomia necess\u00e1ria para gerir e dar vida ao teu projeto com facilidade.\" \/>\n<meta property=\"og:url\" content=\"https:\/\/www.gohosting.co.mz\/pt-pt\/product\/micro\/\" \/>\n<meta property=\"og:site_name\" content=\"Go-Hosting\" \/>\n<meta property=\"article:publisher\" content=\"https:\/\/www.facebook.com\/servicosit\" \/>\n<meta property=\"article:modified_time\" content=\"2026-02-03T23:15:42+00:00\" \/>\n<meta property=\"og:image\" content=\"https:\/\/www.gohosting.co.mz\/wp-content\/uploads\/2024\/06\/Microbrain-brainstorming-cartoon-creativity1-e1586977487989-500x333-1.jpg\" \/>\n\t<meta property=\"og:image:width\" content=\"500\" \/>\n\t<meta property=\"og:image:height\" content=\"333\" \/>\n\t<meta property=\"og:image:type\" content=\"image\/jpeg\" \/>\n<meta name=\"twitter:card\" content=\"summary_large_image\" \/>\n<meta name=\"twitter:label1\" content=\"Tempo estimado de leitura\" \/>\n\t<meta name=\"twitter:data1\" content=\"2 minutos\" \/>\n<script type=\"application\/ld+json\" class=\"yoast-schema-graph\">{\"@context\":\"https:\/\/schema.org\",\"@graph\":[{\"@type\":\"WebPage\",\"@id\":\"https:\/\/www.gohosting.co.mz\/pt-pt\/product\/micro\/\",\"url\":\"https:\/\/www.gohosting.co.mz\/pt-pt\/product\/micro\/\",\"name\":\"Plano Micro (1 ano) - Go-Hosting\",\"isPartOf\":{\"@id\":\"https:\/\/www.gohosting.co.mz\/pt-pt\/#website\"},\"primaryImageOfPage\":{\"@id\":\"https:\/\/www.gohosting.co.mz\/pt-pt\/product\/micro\/#primaryimage\"},\"image\":{\"@id\":\"https:\/\/www.gohosting.co.mz\/pt-pt\/product\/micro\/#primaryimage\"},\"thumbnailUrl\":\"https:\/\/www.gohosting.co.mz\/wp-content\/uploads\/2024\/06\/Microbrain-brainstorming-cartoon-creativity1-e1586977487989-500x333-1.jpg\",\"datePublished\":\"2024-05-09T13:57:28+00:00\",\"dateModified\":\"2026-02-03T23:15:42+00:00\",\"description\":\"O plano de alojamento Micro foi desenhado especificamente para quem est\u00e1 a aventurar no mundo digital e procura uma solu\u00e7\u00e3o \u00e1gil e eficiente. Cont\u00e9m 6000 MB de espa\u00e7o de armazenamento, largura de banda Ilimitada e oferece uma base s\u00f3lida e fi\u00e1vel para estabeleceres a tua presen\u00e7a online sem te preocupares com limites de tr\u00e1fego. Ao incluirmos 1 dom\u00ednio e a possibilidade de criar contas de e-mail ilimitadas, garantimos que a tua identidade web seja profissional e que a comunica\u00e7\u00e3o com os teus clientes flua sem barreiras.Apesar de ser o nosso plano de entrada, o pacote Micro n\u00e3o compromete o desempenho nem a funcionalidade. Com acesso a 1 base de dados e, tal como em todos os nossos planos, acesso total ao painel de controlo, tens toda a autonomia necess\u00e1ria para gerir e dar vida ao teu projeto com facilidade.\",\"breadcrumb\":{\"@id\":\"https:\/\/www.gohosting.co.mz\/pt-pt\/product\/micro\/#breadcrumb\"},\"inLanguage\":\"pt-PT\",\"potentialAction\":[{\"@type\":\"ReadAction\",\"target\":[\"https:\/\/www.gohosting.co.mz\/pt-pt\/product\/micro\/\"]}]},{\"@type\":\"ImageObject\",\"inLanguage\":\"pt-PT\",\"@id\":\"https:\/\/www.gohosting.co.mz\/pt-pt\/product\/micro\/#primaryimage\",\"url\":\"https:\/\/www.gohosting.co.mz\/wp-content\/uploads\/2024\/06\/Microbrain-brainstorming-cartoon-creativity1-e1586977487989-500x333-1.jpg\",\"contentUrl\":\"https:\/\/www.gohosting.co.mz\/wp-content\/uploads\/2024\/06\/Microbrain-brainstorming-cartoon-creativity1-e1586977487989-500x333-1.jpg\",\"width\":500,\"height\":333},{\"@type\":\"BreadcrumbList\",\"@id\":\"https:\/\/www.gohosting.co.mz\/pt-pt\/product\/micro\/#breadcrumb\",\"itemListElement\":[{\"@type\":\"ListItem\",\"position\":1,\"name\":\"Home\",\"item\":\"https:\/\/www.gohosting.co.mz\/pt-pt\/\"},{\"@type\":\"ListItem\",\"position\":2,\"name\":\"Go-Hosting\",\"item\":\"https:\/\/www.gohosting.co.mz\/hosting\/\"},{\"@type\":\"ListItem\",\"position\":3,\"name\":\"Plano Micro (1 ano)\"}]},{\"@type\":\"WebSite\",\"@id\":\"https:\/\/www.gohosting.co.mz\/pt-pt\/#website\",\"url\":\"https:\/\/www.gohosting.co.mz\/pt-pt\/\",\"name\":\"Servit\",\"description\":\"Start hosting today\",\"publisher\":{\"@id\":\"https:\/\/www.gohosting.co.mz\/pt-pt\/#organization\"},\"potentialAction\":[{\"@type\":\"SearchAction\",\"target\":{\"@type\":\"EntryPoint\",\"urlTemplate\":\"https:\/\/www.gohosting.co.mz\/pt-pt\/?s={search_term_string}\"},\"query-input\":{\"@type\":\"PropertyValueSpecification\",\"valueRequired\":true,\"valueName\":\"search_term_string\"}}],\"inLanguage\":\"pt-PT\"},{\"@type\":\"Organization\",\"@id\":\"https:\/\/www.gohosting.co.mz\/pt-pt\/#organization\",\"name\":\"Servit\",\"url\":\"https:\/\/www.gohosting.co.mz\/pt-pt\/\",\"logo\":{\"@type\":\"ImageObject\",\"inLanguage\":\"pt-PT\",\"@id\":\"https:\/\/www.gohosting.co.mz\/pt-pt\/#\/schema\/logo\/image\/\",\"url\":\"https:\/\/i0.wp.com\/servitlda.com\/wp-content\/uploads\/2024\/06\/Logo-user.png?fit=149%2C100&ssl=1\",\"contentUrl\":\"https:\/\/i0.wp.com\/servitlda.com\/wp-content\/uploads\/2024\/06\/Logo-user.png?fit=149%2C100&ssl=1\",\"width\":149,\"height\":100,\"caption\":\"Servit\"},\"image\":{\"@id\":\"https:\/\/www.gohosting.co.mz\/pt-pt\/#\/schema\/logo\/image\/\"},\"sameAs\":[\"https:\/\/www.facebook.com\/servicosit\",\"https:\/\/www.linkedin.com\/company\/servitlda\/\",\"https:\/\/www.youtube.com\/@servitlda6299\"]}]}<\/script>\n<!-- \/ Yoast SEO plugin. -->","yoast_head_json":{"title":"Plano Micro (1 ano) - Go-Hosting","description":"O plano de alojamento Micro foi desenhado especificamente para quem est\u00e1 a aventurar no mundo digital e procura uma solu\u00e7\u00e3o \u00e1gil e eficiente. Cont\u00e9m 6000 MB de espa\u00e7o de armazenamento, largura de banda Ilimitada e oferece uma base s\u00f3lida e fi\u00e1vel para estabeleceres a tua presen\u00e7a online sem te preocupares com limites de tr\u00e1fego. Ao incluirmos 1 dom\u00ednio e a possibilidade de criar contas de e-mail ilimitadas, garantimos que a tua identidade web seja profissional e que a comunica\u00e7\u00e3o com os teus clientes flua sem barreiras.Apesar de ser o nosso plano de entrada, o pacote Micro n\u00e3o compromete o desempenho nem a funcionalidade. Com acesso a 1 base de dados e, tal como em todos os nossos planos, acesso total ao painel de controlo, tens toda a autonomia necess\u00e1ria para gerir e dar vida ao teu projeto com facilidade.","robots":{"index":"index","follow":"follow","max-snippet":"max-snippet:-1","max-image-preview":"max-image-preview:large","max-video-preview":"max-video-preview:-1"},"canonical":"https:\/\/www.gohosting.co.mz\/pt-pt\/product\/micro\/","og_locale":"pt_PT","og_type":"article","og_title":"Plano Micro (1 ano) - Go-Hosting","og_description":"O plano de alojamento Micro foi desenhado especificamente para quem est\u00e1 a aventurar no mundo digital e procura uma solu\u00e7\u00e3o \u00e1gil e eficiente. Cont\u00e9m 6000 MB de espa\u00e7o de armazenamento, largura de banda Ilimitada e oferece uma base s\u00f3lida e fi\u00e1vel para estabeleceres a tua presen\u00e7a online sem te preocupares com limites de tr\u00e1fego. Ao incluirmos 1 dom\u00ednio e a possibilidade de criar contas de e-mail ilimitadas, garantimos que a tua identidade web seja profissional e que a comunica\u00e7\u00e3o com os teus clientes flua sem barreiras.Apesar de ser o nosso plano de entrada, o pacote Micro n\u00e3o compromete o desempenho nem a funcionalidade. Com acesso a 1 base de dados e, tal como em todos os nossos planos, acesso total ao painel de controlo, tens toda a autonomia necess\u00e1ria para gerir e dar vida ao teu projeto com facilidade.","og_url":"https:\/\/www.gohosting.co.mz\/pt-pt\/product\/micro\/","og_site_name":"Go-Hosting","article_publisher":"https:\/\/www.facebook.com\/servicosit","article_modified_time":"2026-02-03T23:15:42+00:00","og_image":[{"width":500,"height":333,"url":"https:\/\/www.gohosting.co.mz\/wp-content\/uploads\/2024\/06\/Microbrain-brainstorming-cartoon-creativity1-e1586977487989-500x333-1.jpg","type":"image\/jpeg"}],"twitter_card":"summary_large_image","twitter_misc":{"Tempo estimado de leitura":"2 minutos"},"schema":{"@context":"https:\/\/schema.org","@graph":[{"@type":"WebPage","@id":"https:\/\/www.gohosting.co.mz\/pt-pt\/product\/micro\/","url":"https:\/\/www.gohosting.co.mz\/pt-pt\/product\/micro\/","name":"Plano Micro (1 ano) - Go-Hosting","isPartOf":{"@id":"https:\/\/www.gohosting.co.mz\/pt-pt\/#website"},"primaryImageOfPage":{"@id":"https:\/\/www.gohosting.co.mz\/pt-pt\/product\/micro\/#primaryimage"},"image":{"@id":"https:\/\/www.gohosting.co.mz\/pt-pt\/product\/micro\/#primaryimage"},"thumbnailUrl":"https:\/\/www.gohosting.co.mz\/wp-content\/uploads\/2024\/06\/Microbrain-brainstorming-cartoon-creativity1-e1586977487989-500x333-1.jpg","datePublished":"2024-05-09T13:57:28+00:00","dateModified":"2026-02-03T23:15:42+00:00","description":"O plano de alojamento Micro foi desenhado especificamente para quem est\u00e1 a aventurar no mundo digital e procura uma solu\u00e7\u00e3o \u00e1gil e eficiente. Cont\u00e9m 6000 MB de espa\u00e7o de armazenamento, largura de banda Ilimitada e oferece uma base s\u00f3lida e fi\u00e1vel para estabeleceres a tua presen\u00e7a online sem te preocupares com limites de tr\u00e1fego. Ao incluirmos 1 dom\u00ednio e a possibilidade de criar contas de e-mail ilimitadas, garantimos que a tua identidade web seja profissional e que a comunica\u00e7\u00e3o com os teus clientes flua sem barreiras.Apesar de ser o nosso plano de entrada, o pacote Micro n\u00e3o compromete o desempenho nem a funcionalidade. Com acesso a 1 base de dados e, tal como em todos os nossos planos, acesso total ao painel de controlo, tens toda a autonomia necess\u00e1ria para gerir e dar vida ao teu projeto com facilidade.","breadcrumb":{"@id":"https:\/\/www.gohosting.co.mz\/pt-pt\/product\/micro\/#breadcrumb"},"inLanguage":"pt-PT","potentialAction":[{"@type":"ReadAction","target":["https:\/\/www.gohosting.co.mz\/pt-pt\/product\/micro\/"]}]},{"@type":"ImageObject","inLanguage":"pt-PT","@id":"https:\/\/www.gohosting.co.mz\/pt-pt\/product\/micro\/#primaryimage","url":"https:\/\/www.gohosting.co.mz\/wp-content\/uploads\/2024\/06\/Microbrain-brainstorming-cartoon-creativity1-e1586977487989-500x333-1.jpg","contentUrl":"https:\/\/www.gohosting.co.mz\/wp-content\/uploads\/2024\/06\/Microbrain-brainstorming-cartoon-creativity1-e1586977487989-500x333-1.jpg","width":500,"height":333},{"@type":"BreadcrumbList","@id":"https:\/\/www.gohosting.co.mz\/pt-pt\/product\/micro\/#breadcrumb","itemListElement":[{"@type":"ListItem","position":1,"name":"Home","item":"https:\/\/www.gohosting.co.mz\/pt-pt\/"},{"@type":"ListItem","position":2,"name":"Go-Hosting","item":"https:\/\/www.gohosting.co.mz\/hosting\/"},{"@type":"ListItem","position":3,"name":"Plano Micro (1 ano)"}]},{"@type":"WebSite","@id":"https:\/\/www.gohosting.co.mz\/pt-pt\/#website","url":"https:\/\/www.gohosting.co.mz\/pt-pt\/","name":"Servit","description":"Start hosting today","publisher":{"@id":"https:\/\/www.gohosting.co.mz\/pt-pt\/#organization"},"potentialAction":[{"@type":"SearchAction","target":{"@type":"EntryPoint","urlTemplate":"https:\/\/www.gohosting.co.mz\/pt-pt\/?s={search_term_string}"},"query-input":{"@type":"PropertyValueSpecification","valueRequired":true,"valueName":"search_term_string"}}],"inLanguage":"pt-PT"},{"@type":"Organization","@id":"https:\/\/www.gohosting.co.mz\/pt-pt\/#organization","name":"Servit","url":"https:\/\/www.gohosting.co.mz\/pt-pt\/","logo":{"@type":"ImageObject","inLanguage":"pt-PT","@id":"https:\/\/www.gohosting.co.mz\/pt-pt\/#\/schema\/logo\/image\/","url":"https:\/\/i0.wp.com\/servitlda.com\/wp-content\/uploads\/2024\/06\/Logo-user.png?fit=149%2C100&ssl=1","contentUrl":"https:\/\/i0.wp.com\/servitlda.com\/wp-content\/uploads\/2024\/06\/Logo-user.png?fit=149%2C100&ssl=1","width":149,"height":100,"caption":"Servit"},"image":{"@id":"https:\/\/www.gohosting.co.mz\/pt-pt\/#\/schema\/logo\/image\/"},"sameAs":["https:\/\/www.facebook.com\/servicosit","https:\/\/www.linkedin.com\/company\/servitlda\/","https:\/\/www.youtube.com\/@servitlda6299"]}]}},"_links":{"self":[{"href":"https:\/\/www.gohosting.co.mz\/pt-pt\/wp-json\/wp\/v2\/product\/1729","targetHints":{"allow":["GET"]}}],"collection":[{"href":"https:\/\/www.gohosting.co.mz\/pt-pt\/wp-json\/wp\/v2\/product"}],"about":[{"href":"https:\/\/www.gohosting.co.mz\/pt-pt\/wp-json\/wp\/v2\/types\/product"}],"replies":[{"embeddable":true,"href":"https:\/\/www.gohosting.co.mz\/pt-pt\/wp-json\/wp\/v2\/comments?post=1729"}],"wp:featuredmedia":[{"embeddable":true,"href":"https:\/\/www.gohosting.co.mz\/pt-pt\/wp-json\/wp\/v2\/media\/1466"}],"wp:attachment":[{"href":"https:\/\/www.gohosting.co.mz\/pt-pt\/wp-json\/wp\/v2\/media?parent=1729"}],"wp:term":[{"taxonomy":"product_brand","embeddable":true,"href":"https:\/\/www.gohosting.co.mz\/pt-pt\/wp-json\/wp\/v2\/product_brand?post=1729"},{"taxonomy":"product_cat","embeddable":true,"href":"https:\/\/www.gohosting.co.mz\/pt-pt\/wp-json\/wp\/v2\/product_cat?post=1729"},{"taxonomy":"product_tag","embeddable":true,"href":"https:\/\/www.gohosting.co.mz\/pt-pt\/wp-json\/wp\/v2\/product_tag?post=1729"}],"curies":[{"name":"wp","href":"https:\/\/api.w.org\/{rel}","templated":true}]}}