{"id":1730,"date":"2024-05-21T15:05:38","date_gmt":"2024-05-21T15:05:38","guid":{"rendered":"https:\/\/servitlda.com\/index.php\/\/product\/webstart\/"},"modified":"2026-02-04T00:47:56","modified_gmt":"2026-02-03T22:47:56","slug":"webstart","status":"publish","type":"product","link":"https:\/\/www.gohosting.co.mz\/pt-pt\/product\/webstart\/","title":{"rendered":"Plano WebStart (1 ano)"},"content":{"rendered":"<p data-path-to-node=\"3\"><span style=\"color: #000000;\">Entra com confian\u00e7a no mundo digital com o nosso <strong>Plano<\/strong> <b data-path-to-node=\"3\" data-index-in-node=\"55\">Webstart<\/b>, a porta de entrada ideal para o teu sucesso online! Com uma generosa atribui\u00e7\u00e3o de <b data-path-to-node=\"3\" data-index-in-node=\"148\">10000 MB de espa\u00e7o de armazenamento<\/b> e <strong>largura de banda<\/strong><b data-path-to-node=\"3\" data-index-in-node=\"187\"> Ilimitada<\/b>, est\u00e1s totalmente equipado para dar vida \u00e0s tuas ideias e cativar o teu p\u00fablico sem te preocupares com limites de tr\u00e1fego ou falta de espa\u00e7o. Estabelece a tua identidade online de forma profissional com a inclus\u00e3o de <b data-path-to-node=\"3\" data-index-in-node=\"422\">1 dom\u00ednio<\/b> e aproveita o poder de <b data-path-to-node=\"3\" data-index-in-node=\"455\">contas de e-mail ilimitadas<\/b> para te ligares a clientes e colaboradores sem restri\u00e7\u00f5es de crescimento.<\/span><\/p>\n<p data-path-to-node=\"4\"><span style=\"color: #000000;\">A organiza\u00e7\u00e3o do teu projeto \u00e9 simplificada atrav\u00e9s de uma <b data-path-to-node=\"4\" data-index-in-node=\"59\">base de dados<\/b> dedicada, garantindo que a estrutura do teu site seja s\u00f3lida e eficiente. Enquanto outras plataformas podem limitar o teu potencial, o pacote Webstart permite-te explorar, inovar e prosperar com total autonomia, oferecendo <b data-path-to-node=\"4\" data-index-in-node=\"296\">acesso completo ao painel de controlo<\/b>, tal como em todos os nossos planos. Experimenta a liberdade de criar e comunicar com ferramentas profissionais, tudo isto apoiado pelo nosso compromisso inabal\u00e1vel com o teu sucesso. N\u00e3o deixes o teu projeto esperar mais: eleva a tua viagem online e conquista a Web hoje mesmo com o Plano Webstart!<\/span><\/p>\n","protected":false},"excerpt":{"rendered":"<p><span style=\"color: #000000;\">Come\u00e7a a tua viagem online com o nosso <strong>Plano<\/strong> <strong>Webstart<\/strong>:<\/span><\/p>\n<ul>\n<li><span style=\"color: #000000;\">Espa\u00e7o (MB) &#8211; 10000MB<\/span><\/li>\n<li><span style=\"color: #000000;\">Consumo (GB) &#8211; Ilimitado<\/span><\/li>\n<li><span style=\"color: #000000;\">Dom\u00ednio &#8211; 1<\/span><\/li>\n<li><span style=\"color: #000000;\">Base de dados &#8211; 1<\/span><\/li>\n<li><span style=\"color: #000000;\">Correio eletr\u00f3nico &#8211; Ilimitado<\/span><\/li>\n<li><span style=\"color: #000000;\">Reenvio de correio eletr\u00f3nico &#8211; 0<\/span><\/li>\n<li><span style=\"color: #000000;\">Resposta autom\u00e1tica do e-mail &#8211; 0<\/span><\/li>\n<li><span style=\"color: #000000;\">Acesso ao painel de controlo &#8211; Sim<\/span><\/li>\n<\/ul>\n","protected":false},"featured_media":1468,"comment_status":"open","ping_status":"closed","template":"","meta":[],"product_brand":[],"product_cat":[43],"product_tag":[],"class_list":{"0":"post-1730","1":"product","2":"type-product","3":"status-publish","4":"has-post-thumbnail","6":"product_cat-pacotes","8":"first","9":"instock","10":"virtual","11":"purchasable","12":"product-type-simple"},"yoast_head":"<!-- This site is optimized with the Yoast SEO plugin v27.2 - https:\/\/yoast.com\/product\/yoast-seo-wordpress\/ -->\n<title>Plano WebStart (1 ano) - Go-Hosting<\/title>\n<meta name=\"description\" content=\"O Plano Webstart \u00e9 a porta de entrada ideal para o teu sucesso online! Com uma generosa atribui\u00e7\u00e3o de 10000 MB de espa\u00e7o de armazenamento e largura de banda Ilimitada, est\u00e1s totalmente equipado para dar vida \u00e0s tuas ideias e cativar o teu p\u00fablico sem te preocupares com limites de tr\u00e1fego ou falta de espa\u00e7o. Estabelece a tua identidade online de forma profissional com a inclus\u00e3o de 1 dom\u00ednio e aproveita o poder de contas de e-mail ilimitadas para te ligares a clientes e colaboradores sem restri\u00e7\u00f5es de crescimento.A organiza\u00e7\u00e3o do teu projeto \u00e9 simplificada atrav\u00e9s de uma base de dados dedicada, garantindo que a estrutura do teu site seja s\u00f3lida e eficiente. Enquanto outras plataformas podem limitar o teu potencial, o pacote Webstart permite-te explorar, inovar e prosperar com total autonomia, oferecendo acesso completo ao painel de controlo, tal como em todos os nossos planos.\" \/>\n<meta name=\"robots\" content=\"index, follow, max-snippet:-1, max-image-preview:large, max-video-preview:-1\" \/>\n<link rel=\"canonical\" href=\"https:\/\/www.gohosting.co.mz\/pt-pt\/product\/webstart\/\" \/>\n<meta property=\"og:locale\" content=\"pt_PT\" \/>\n<meta property=\"og:type\" content=\"article\" \/>\n<meta property=\"og:title\" content=\"Plano WebStart (1 ano) - Go-Hosting\" \/>\n<meta property=\"og:description\" content=\"O Plano Webstart \u00e9 a porta de entrada ideal para o teu sucesso online! Com uma generosa atribui\u00e7\u00e3o de 10000 MB de espa\u00e7o de armazenamento e largura de banda Ilimitada, est\u00e1s totalmente equipado para dar vida \u00e0s tuas ideias e cativar o teu p\u00fablico sem te preocupares com limites de tr\u00e1fego ou falta de espa\u00e7o. Estabelece a tua identidade online de forma profissional com a inclus\u00e3o de 1 dom\u00ednio e aproveita o poder de contas de e-mail ilimitadas para te ligares a clientes e colaboradores sem restri\u00e7\u00f5es de crescimento.A organiza\u00e7\u00e3o do teu projeto \u00e9 simplificada atrav\u00e9s de uma base de dados dedicada, garantindo que a estrutura do teu site seja s\u00f3lida e eficiente. Enquanto outras plataformas podem limitar o teu potencial, o pacote Webstart permite-te explorar, inovar e prosperar com total autonomia, oferecendo acesso completo ao painel de controlo, tal como em todos os nossos planos.\" \/>\n<meta property=\"og:url\" content=\"https:\/\/www.gohosting.co.mz\/pt-pt\/product\/webstart\/\" \/>\n<meta property=\"og:site_name\" content=\"Go-Hosting\" \/>\n<meta property=\"article:publisher\" content=\"https:\/\/www.facebook.com\/servicosit\" \/>\n<meta property=\"article:modified_time\" content=\"2026-02-03T22:47:56+00:00\" \/>\n<meta property=\"og:image\" content=\"https:\/\/www.gohosting.co.mz\/wp-content\/uploads\/2024\/06\/WebStrdepositphotos_68597757-stock-illustration-business-man-sitting-in-office.jpg\" \/>\n\t<meta property=\"og:image:width\" content=\"500\" \/>\n\t<meta property=\"og:image:height\" content=\"333\" \/>\n\t<meta property=\"og:image:type\" content=\"image\/jpeg\" \/>\n<meta name=\"twitter:card\" content=\"summary_large_image\" \/>\n<meta name=\"twitter:label1\" content=\"Tempo estimado de leitura\" \/>\n\t<meta name=\"twitter:data1\" content=\"2 minutos\" \/>\n<script type=\"application\/ld+json\" class=\"yoast-schema-graph\">{\"@context\":\"https:\/\/schema.org\",\"@graph\":[{\"@type\":\"WebPage\",\"@id\":\"https:\/\/www.gohosting.co.mz\/pt-pt\/product\/webstart\/\",\"url\":\"https:\/\/www.gohosting.co.mz\/pt-pt\/product\/webstart\/\",\"name\":\"Plano WebStart (1 ano) - Go-Hosting\",\"isPartOf\":{\"@id\":\"https:\/\/www.gohosting.co.mz\/pt-pt\/#website\"},\"primaryImageOfPage\":{\"@id\":\"https:\/\/www.gohosting.co.mz\/pt-pt\/product\/webstart\/#primaryimage\"},\"image\":{\"@id\":\"https:\/\/www.gohosting.co.mz\/pt-pt\/product\/webstart\/#primaryimage\"},\"thumbnailUrl\":\"https:\/\/www.gohosting.co.mz\/wp-content\/uploads\/2024\/06\/WebStrdepositphotos_68597757-stock-illustration-business-man-sitting-in-office.jpg\",\"datePublished\":\"2024-05-21T15:05:38+00:00\",\"dateModified\":\"2026-02-03T22:47:56+00:00\",\"description\":\"O Plano Webstart \u00e9 a porta de entrada ideal para o teu sucesso online! Com uma generosa atribui\u00e7\u00e3o de 10000 MB de espa\u00e7o de armazenamento e largura de banda Ilimitada, est\u00e1s totalmente equipado para dar vida \u00e0s tuas ideias e cativar o teu p\u00fablico sem te preocupares com limites de tr\u00e1fego ou falta de espa\u00e7o. Estabelece a tua identidade online de forma profissional com a inclus\u00e3o de 1 dom\u00ednio e aproveita o poder de contas de e-mail ilimitadas para te ligares a clientes e colaboradores sem restri\u00e7\u00f5es de crescimento.A organiza\u00e7\u00e3o do teu projeto \u00e9 simplificada atrav\u00e9s de uma base de dados dedicada, garantindo que a estrutura do teu site seja s\u00f3lida e eficiente. Enquanto outras plataformas podem limitar o teu potencial, o pacote Webstart permite-te explorar, inovar e prosperar com total autonomia, oferecendo acesso completo ao painel de controlo, tal como em todos os nossos planos.\",\"breadcrumb\":{\"@id\":\"https:\/\/www.gohosting.co.mz\/pt-pt\/product\/webstart\/#breadcrumb\"},\"inLanguage\":\"pt-PT\",\"potentialAction\":[{\"@type\":\"ReadAction\",\"target\":[\"https:\/\/www.gohosting.co.mz\/pt-pt\/product\/webstart\/\"]}]},{\"@type\":\"ImageObject\",\"inLanguage\":\"pt-PT\",\"@id\":\"https:\/\/www.gohosting.co.mz\/pt-pt\/product\/webstart\/#primaryimage\",\"url\":\"https:\/\/www.gohosting.co.mz\/wp-content\/uploads\/2024\/06\/WebStrdepositphotos_68597757-stock-illustration-business-man-sitting-in-office.jpg\",\"contentUrl\":\"https:\/\/www.gohosting.co.mz\/wp-content\/uploads\/2024\/06\/WebStrdepositphotos_68597757-stock-illustration-business-man-sitting-in-office.jpg\",\"width\":500,\"height\":333},{\"@type\":\"BreadcrumbList\",\"@id\":\"https:\/\/www.gohosting.co.mz\/pt-pt\/product\/webstart\/#breadcrumb\",\"itemListElement\":[{\"@type\":\"ListItem\",\"position\":1,\"name\":\"Home\",\"item\":\"https:\/\/www.gohosting.co.mz\/pt-pt\/\"},{\"@type\":\"ListItem\",\"position\":2,\"name\":\"Go-Hosting\",\"item\":\"https:\/\/www.gohosting.co.mz\/hosting\/\"},{\"@type\":\"ListItem\",\"position\":3,\"name\":\"Plano WebStart (1 ano)\"}]},{\"@type\":\"WebSite\",\"@id\":\"https:\/\/www.gohosting.co.mz\/pt-pt\/#website\",\"url\":\"https:\/\/www.gohosting.co.mz\/pt-pt\/\",\"name\":\"Servit\",\"description\":\"Start hosting today\",\"publisher\":{\"@id\":\"https:\/\/www.gohosting.co.mz\/pt-pt\/#organization\"},\"potentialAction\":[{\"@type\":\"SearchAction\",\"target\":{\"@type\":\"EntryPoint\",\"urlTemplate\":\"https:\/\/www.gohosting.co.mz\/pt-pt\/?s={search_term_string}\"},\"query-input\":{\"@type\":\"PropertyValueSpecification\",\"valueRequired\":true,\"valueName\":\"search_term_string\"}}],\"inLanguage\":\"pt-PT\"},{\"@type\":\"Organization\",\"@id\":\"https:\/\/www.gohosting.co.mz\/pt-pt\/#organization\",\"name\":\"Servit\",\"url\":\"https:\/\/www.gohosting.co.mz\/pt-pt\/\",\"logo\":{\"@type\":\"ImageObject\",\"inLanguage\":\"pt-PT\",\"@id\":\"https:\/\/www.gohosting.co.mz\/pt-pt\/#\/schema\/logo\/image\/\",\"url\":\"https:\/\/i0.wp.com\/servitlda.com\/wp-content\/uploads\/2024\/06\/Logo-user.png?fit=149%2C100&ssl=1\",\"contentUrl\":\"https:\/\/i0.wp.com\/servitlda.com\/wp-content\/uploads\/2024\/06\/Logo-user.png?fit=149%2C100&ssl=1\",\"width\":149,\"height\":100,\"caption\":\"Servit\"},\"image\":{\"@id\":\"https:\/\/www.gohosting.co.mz\/pt-pt\/#\/schema\/logo\/image\/\"},\"sameAs\":[\"https:\/\/www.facebook.com\/servicosit\",\"https:\/\/www.linkedin.com\/company\/servitlda\/\",\"https:\/\/www.youtube.com\/@servitlda6299\"]}]}<\/script>\n<!-- \/ Yoast SEO plugin. -->","yoast_head_json":{"title":"Plano WebStart (1 ano) - Go-Hosting","description":"O Plano Webstart \u00e9 a porta de entrada ideal para o teu sucesso online! Com uma generosa atribui\u00e7\u00e3o de 10000 MB de espa\u00e7o de armazenamento e largura de banda Ilimitada, est\u00e1s totalmente equipado para dar vida \u00e0s tuas ideias e cativar o teu p\u00fablico sem te preocupares com limites de tr\u00e1fego ou falta de espa\u00e7o. Estabelece a tua identidade online de forma profissional com a inclus\u00e3o de 1 dom\u00ednio e aproveita o poder de contas de e-mail ilimitadas para te ligares a clientes e colaboradores sem restri\u00e7\u00f5es de crescimento.A organiza\u00e7\u00e3o do teu projeto \u00e9 simplificada atrav\u00e9s de uma base de dados dedicada, garantindo que a estrutura do teu site seja s\u00f3lida e eficiente. Enquanto outras plataformas podem limitar o teu potencial, o pacote Webstart permite-te explorar, inovar e prosperar com total autonomia, oferecendo acesso completo ao painel de controlo, tal como em todos os nossos planos.","robots":{"index":"index","follow":"follow","max-snippet":"max-snippet:-1","max-image-preview":"max-image-preview:large","max-video-preview":"max-video-preview:-1"},"canonical":"https:\/\/www.gohosting.co.mz\/pt-pt\/product\/webstart\/","og_locale":"pt_PT","og_type":"article","og_title":"Plano WebStart (1 ano) - Go-Hosting","og_description":"O Plano Webstart \u00e9 a porta de entrada ideal para o teu sucesso online! Com uma generosa atribui\u00e7\u00e3o de 10000 MB de espa\u00e7o de armazenamento e largura de banda Ilimitada, est\u00e1s totalmente equipado para dar vida \u00e0s tuas ideias e cativar o teu p\u00fablico sem te preocupares com limites de tr\u00e1fego ou falta de espa\u00e7o. Estabelece a tua identidade online de forma profissional com a inclus\u00e3o de 1 dom\u00ednio e aproveita o poder de contas de e-mail ilimitadas para te ligares a clientes e colaboradores sem restri\u00e7\u00f5es de crescimento.A organiza\u00e7\u00e3o do teu projeto \u00e9 simplificada atrav\u00e9s de uma base de dados dedicada, garantindo que a estrutura do teu site seja s\u00f3lida e eficiente. Enquanto outras plataformas podem limitar o teu potencial, o pacote Webstart permite-te explorar, inovar e prosperar com total autonomia, oferecendo acesso completo ao painel de controlo, tal como em todos os nossos planos.","og_url":"https:\/\/www.gohosting.co.mz\/pt-pt\/product\/webstart\/","og_site_name":"Go-Hosting","article_publisher":"https:\/\/www.facebook.com\/servicosit","article_modified_time":"2026-02-03T22:47:56+00:00","og_image":[{"width":500,"height":333,"url":"https:\/\/www.gohosting.co.mz\/wp-content\/uploads\/2024\/06\/WebStrdepositphotos_68597757-stock-illustration-business-man-sitting-in-office.jpg","type":"image\/jpeg"}],"twitter_card":"summary_large_image","twitter_misc":{"Tempo estimado de leitura":"2 minutos"},"schema":{"@context":"https:\/\/schema.org","@graph":[{"@type":"WebPage","@id":"https:\/\/www.gohosting.co.mz\/pt-pt\/product\/webstart\/","url":"https:\/\/www.gohosting.co.mz\/pt-pt\/product\/webstart\/","name":"Plano WebStart (1 ano) - Go-Hosting","isPartOf":{"@id":"https:\/\/www.gohosting.co.mz\/pt-pt\/#website"},"primaryImageOfPage":{"@id":"https:\/\/www.gohosting.co.mz\/pt-pt\/product\/webstart\/#primaryimage"},"image":{"@id":"https:\/\/www.gohosting.co.mz\/pt-pt\/product\/webstart\/#primaryimage"},"thumbnailUrl":"https:\/\/www.gohosting.co.mz\/wp-content\/uploads\/2024\/06\/WebStrdepositphotos_68597757-stock-illustration-business-man-sitting-in-office.jpg","datePublished":"2024-05-21T15:05:38+00:00","dateModified":"2026-02-03T22:47:56+00:00","description":"O Plano Webstart \u00e9 a porta de entrada ideal para o teu sucesso online! Com uma generosa atribui\u00e7\u00e3o de 10000 MB de espa\u00e7o de armazenamento e largura de banda Ilimitada, est\u00e1s totalmente equipado para dar vida \u00e0s tuas ideias e cativar o teu p\u00fablico sem te preocupares com limites de tr\u00e1fego ou falta de espa\u00e7o. Estabelece a tua identidade online de forma profissional com a inclus\u00e3o de 1 dom\u00ednio e aproveita o poder de contas de e-mail ilimitadas para te ligares a clientes e colaboradores sem restri\u00e7\u00f5es de crescimento.A organiza\u00e7\u00e3o do teu projeto \u00e9 simplificada atrav\u00e9s de uma base de dados dedicada, garantindo que a estrutura do teu site seja s\u00f3lida e eficiente. Enquanto outras plataformas podem limitar o teu potencial, o pacote Webstart permite-te explorar, inovar e prosperar com total autonomia, oferecendo acesso completo ao painel de controlo, tal como em todos os nossos planos.","breadcrumb":{"@id":"https:\/\/www.gohosting.co.mz\/pt-pt\/product\/webstart\/#breadcrumb"},"inLanguage":"pt-PT","potentialAction":[{"@type":"ReadAction","target":["https:\/\/www.gohosting.co.mz\/pt-pt\/product\/webstart\/"]}]},{"@type":"ImageObject","inLanguage":"pt-PT","@id":"https:\/\/www.gohosting.co.mz\/pt-pt\/product\/webstart\/#primaryimage","url":"https:\/\/www.gohosting.co.mz\/wp-content\/uploads\/2024\/06\/WebStrdepositphotos_68597757-stock-illustration-business-man-sitting-in-office.jpg","contentUrl":"https:\/\/www.gohosting.co.mz\/wp-content\/uploads\/2024\/06\/WebStrdepositphotos_68597757-stock-illustration-business-man-sitting-in-office.jpg","width":500,"height":333},{"@type":"BreadcrumbList","@id":"https:\/\/www.gohosting.co.mz\/pt-pt\/product\/webstart\/#breadcrumb","itemListElement":[{"@type":"ListItem","position":1,"name":"Home","item":"https:\/\/www.gohosting.co.mz\/pt-pt\/"},{"@type":"ListItem","position":2,"name":"Go-Hosting","item":"https:\/\/www.gohosting.co.mz\/hosting\/"},{"@type":"ListItem","position":3,"name":"Plano WebStart (1 ano)"}]},{"@type":"WebSite","@id":"https:\/\/www.gohosting.co.mz\/pt-pt\/#website","url":"https:\/\/www.gohosting.co.mz\/pt-pt\/","name":"Servit","description":"Start hosting today","publisher":{"@id":"https:\/\/www.gohosting.co.mz\/pt-pt\/#organization"},"potentialAction":[{"@type":"SearchAction","target":{"@type":"EntryPoint","urlTemplate":"https:\/\/www.gohosting.co.mz\/pt-pt\/?s={search_term_string}"},"query-input":{"@type":"PropertyValueSpecification","valueRequired":true,"valueName":"search_term_string"}}],"inLanguage":"pt-PT"},{"@type":"Organization","@id":"https:\/\/www.gohosting.co.mz\/pt-pt\/#organization","name":"Servit","url":"https:\/\/www.gohosting.co.mz\/pt-pt\/","logo":{"@type":"ImageObject","inLanguage":"pt-PT","@id":"https:\/\/www.gohosting.co.mz\/pt-pt\/#\/schema\/logo\/image\/","url":"https:\/\/i0.wp.com\/servitlda.com\/wp-content\/uploads\/2024\/06\/Logo-user.png?fit=149%2C100&ssl=1","contentUrl":"https:\/\/i0.wp.com\/servitlda.com\/wp-content\/uploads\/2024\/06\/Logo-user.png?fit=149%2C100&ssl=1","width":149,"height":100,"caption":"Servit"},"image":{"@id":"https:\/\/www.gohosting.co.mz\/pt-pt\/#\/schema\/logo\/image\/"},"sameAs":["https:\/\/www.facebook.com\/servicosit","https:\/\/www.linkedin.com\/company\/servitlda\/","https:\/\/www.youtube.com\/@servitlda6299"]}]}},"_links":{"self":[{"href":"https:\/\/www.gohosting.co.mz\/pt-pt\/wp-json\/wp\/v2\/product\/1730","targetHints":{"allow":["GET"]}}],"collection":[{"href":"https:\/\/www.gohosting.co.mz\/pt-pt\/wp-json\/wp\/v2\/product"}],"about":[{"href":"https:\/\/www.gohosting.co.mz\/pt-pt\/wp-json\/wp\/v2\/types\/product"}],"replies":[{"embeddable":true,"href":"https:\/\/www.gohosting.co.mz\/pt-pt\/wp-json\/wp\/v2\/comments?post=1730"}],"wp:featuredmedia":[{"embeddable":true,"href":"https:\/\/www.gohosting.co.mz\/pt-pt\/wp-json\/wp\/v2\/media\/1468"}],"wp:attachment":[{"href":"https:\/\/www.gohosting.co.mz\/pt-pt\/wp-json\/wp\/v2\/media?parent=1730"}],"wp:term":[{"taxonomy":"product_brand","embeddable":true,"href":"https:\/\/www.gohosting.co.mz\/pt-pt\/wp-json\/wp\/v2\/product_brand?post=1730"},{"taxonomy":"product_cat","embeddable":true,"href":"https:\/\/www.gohosting.co.mz\/pt-pt\/wp-json\/wp\/v2\/product_cat?post=1730"},{"taxonomy":"product_tag","embeddable":true,"href":"https:\/\/www.gohosting.co.mz\/pt-pt\/wp-json\/wp\/v2\/product_tag?post=1730"}],"curies":[{"name":"wp","href":"https:\/\/api.w.org\/{rel}","templated":true}]}}