{"id":1731,"date":"2024-05-21T15:39:09","date_gmt":"2024-05-21T15:39:09","guid":{"rendered":"https:\/\/servitlda.com\/index.php\/\/product\/padrao\/"},"modified":"2026-02-03T22:35:44","modified_gmt":"2026-02-03T20:35:44","slug":"padrao","status":"publish","type":"product","link":"https:\/\/www.gohosting.co.mz\/pt-pt\/product\/padrao\/","title":{"rendered":"Plano Padr\u00e3o (1 ano)"},"content":{"rendered":"<p data-start=\"245\" data-end=\"462\">Eleva a presen\u00e7a digital do teu neg\u00f3cio com o <strong data-start=\"291\" data-end=\"309\">Plano Padr\u00e3o<\/strong>, uma solu\u00e7\u00e3o robusta e profissional criada para empresas e empreendedores que procuram crescer no digital com seguran\u00e7a, desempenho e flexibilidade. Com 30000 MB de armazenamento e largura de banda ilimitada, este plano oferece total liberdade para alojar o teu website, aplica\u00e7\u00f5es e conte\u00fados sem preocupa\u00e7\u00f5es com espa\u00e7o ou tr\u00e1fego, garantindo estabilidade e desempenho cont\u00ednuo.<\/p>\n<p data-start=\"706\" data-end=\"1026\">\u00a0O Plano Padr\u00e3o inclui ainda <strong data-start=\"736\" data-end=\"765\">2 dom\u00ednios personalizados<\/strong>, refor\u00e7ando a identidade digital da tua marca e permitindo uma presen\u00e7a online mais estrat\u00e9gica e organizada. Para a gest\u00e3o de dados, disponibilizamos <strong>2 bases de dados<\/strong>, ideal para websites din\u00e2micos e sistemas que exigem organiza\u00e7\u00e3o eficiente da informa\u00e7\u00e3o. A comunica\u00e7\u00e3o profissional \u00e9 um dos grandes diferenciais deste plano. Com <strong data-start=\"1102\" data-end=\"1138\">emails personalizados ilimitados<\/strong>, a tua empresa mant\u00e9m uma imagem corporativa s\u00f3lida e cred\u00edvel. O plano inclui tamb\u00e9m <strong data-start=\"1225\" data-end=\"1270\">5 reencaminhamentos de correio eletr\u00f3nico<\/strong> e <strong data-start=\"1273\" data-end=\"1300\">3 respostas autom\u00e1ticas<\/strong>, permitindo automatizar processos, melhorar o atendimento e garantir que nenhuma mensagem importante fique sem resposta. Para uma gest\u00e3o simples e eficiente, o Plano Padr\u00e3o oferece <strong data-start=\"1485\" data-end=\"1523\">acesso total ao painel de controlo<\/strong>, possibilitando administrar dom\u00ednios, emails e recursos de forma pr\u00e1tica e aut\u00f3noma. Sempre que precisares, a nossa equipa de suporte est\u00e1 dispon\u00edvel para te acompanhar e apoiar em cada etapa. O Plano Padr\u00e3o \u00e9 a escolha ideal para quem deseja entrar ou consolidar-se no mundo digital com profissionalismo, criando bases s\u00f3lidas para um crescimento sustent\u00e1vel e duradouro. D\u00ea hoje o pr\u00f3ximo passo na digitaliza\u00e7\u00e3o do teu neg\u00f3cio com o<strong data-start=\"1908\" data-end=\"1989\"> Plano Padr\u00e3o.<\/strong><\/p>\n","protected":false},"excerpt":{"rendered":"<p><span style=\"color: #000000;\">Melhora a tua presen\u00e7a online com facilidade:<\/span><\/p>\n<ul>\n<li><span style=\"color: #000000;\">Espa\u00e7o (MB) &#8211; 30000MB<\/span><\/li>\n<li><span style=\"color: #000000;\">Consumo (GB) &#8211; Ilimitado<\/span><\/li>\n<li><span style=\"color: #000000;\">Dom\u00ednio &#8211; 2<\/span><\/li>\n<li><span style=\"color: #000000;\">Bases de dados &#8211; 2<\/span><\/li>\n<li><span style=\"color: #000000;\">Correio eletr\u00f3nico &#8211; Ilimitado<\/span><\/li>\n<li><span style=\"color: #000000;\">Reencaminhamento de correio eletr\u00f3nico &#8211; 5<\/span><\/li>\n<li><span style=\"color: #000000;\">Resposta autom\u00e1tica por e-mail &#8211; 3<\/span><\/li>\n<li><span style=\"color: #000000;\">Acesso ao painel de controlo &#8211; Sim<\/span><\/li>\n<\/ul>\n","protected":false},"featured_media":1462,"comment_status":"open","ping_status":"closed","template":"","meta":[],"product_brand":[],"product_cat":[43],"product_tag":[],"class_list":{"0":"post-1731","1":"product","2":"type-product","3":"status-publish","4":"has-post-thumbnail","6":"product_cat-pacotes","8":"first","9":"instock","10":"virtual","11":"purchasable","12":"product-type-simple"},"yoast_head":"<!-- This site is optimized with the Yoast SEO plugin v27.2 - https:\/\/yoast.com\/product\/yoast-seo-wordpress\/ -->\n<title>Plano Padr\u00e3o (1 ano) - Go-Hosting<\/title>\n<meta name=\"description\" content=\"O Plano Padr\u00e3o \u00e9 uma solu\u00e7\u00e3o robusta e profissional criada para empresas e empreendedores que procuram crescer no digital com seguran\u00e7a, desempenho e flexibilidade. Com 30000 MB de armazenamento e largura de banda ilimitada, este plano oferece total liberdade para alojar o teu website, aplica\u00e7\u00f5es e conte\u00fados sem preocupa\u00e7\u00f5es com espa\u00e7o ou tr\u00e1fego, garantindo estabilidade e desempenho cont\u00ednuo.\u00a0O Plano Padr\u00e3o inclui ainda 2 dom\u00ednios personalizados, refor\u00e7ando a identidade digital da tua marca e permitindo uma presen\u00e7a online mais estrat\u00e9gica e organizada. Para a gest\u00e3o de dados, disponibilizamos 2 bases de dados, ideal para websites din\u00e2micos e sistemas que exigem organiza\u00e7\u00e3o eficiente da informa\u00e7\u00e3o. A comunica\u00e7\u00e3o profissional \u00e9 um dos grandes diferenciais deste plano. Com emails personalizados ilimitados, a tua empresa mant\u00e9m uma imagem corporativa s\u00f3lida e cred\u00edvel. O plano inclui tamb\u00e9m 5 reencaminhamentos de correio eletr\u00f3nico e 3 respostas autom\u00e1ticas, permitindo automatizar processos, melhorar o atendimento e garantir que nenhuma mensagem importante fique sem resposta. Para uma gest\u00e3o simples e eficiente, o Plano Padr\u00e3o oferece acesso total ao painel de controlo, possibilitando administrar dom\u00ednios, emails e recursos de forma pr\u00e1tica e aut\u00f3noma.\" \/>\n<meta name=\"robots\" content=\"index, follow, max-snippet:-1, max-image-preview:large, max-video-preview:-1\" \/>\n<link rel=\"canonical\" href=\"https:\/\/www.gohosting.co.mz\/pt-pt\/product\/padrao\/\" \/>\n<meta property=\"og:locale\" content=\"pt_PT\" \/>\n<meta property=\"og:type\" content=\"article\" \/>\n<meta property=\"og:title\" content=\"Plano Padr\u00e3o (1 ano) - Go-Hosting\" \/>\n<meta property=\"og:description\" content=\"O Plano Padr\u00e3o \u00e9 uma solu\u00e7\u00e3o robusta e profissional criada para empresas e empreendedores que procuram crescer no digital com seguran\u00e7a, desempenho e flexibilidade. Com 30000 MB de armazenamento e largura de banda ilimitada, este plano oferece total liberdade para alojar o teu website, aplica\u00e7\u00f5es e conte\u00fados sem preocupa\u00e7\u00f5es com espa\u00e7o ou tr\u00e1fego, garantindo estabilidade e desempenho cont\u00ednuo.\u00a0O Plano Padr\u00e3o inclui ainda 2 dom\u00ednios personalizados, refor\u00e7ando a identidade digital da tua marca e permitindo uma presen\u00e7a online mais estrat\u00e9gica e organizada. Para a gest\u00e3o de dados, disponibilizamos 2 bases de dados, ideal para websites din\u00e2micos e sistemas que exigem organiza\u00e7\u00e3o eficiente da informa\u00e7\u00e3o. A comunica\u00e7\u00e3o profissional \u00e9 um dos grandes diferenciais deste plano. Com emails personalizados ilimitados, a tua empresa mant\u00e9m uma imagem corporativa s\u00f3lida e cred\u00edvel. O plano inclui tamb\u00e9m 5 reencaminhamentos de correio eletr\u00f3nico e 3 respostas autom\u00e1ticas, permitindo automatizar processos, melhorar o atendimento e garantir que nenhuma mensagem importante fique sem resposta. Para uma gest\u00e3o simples e eficiente, o Plano Padr\u00e3o oferece acesso total ao painel de controlo, possibilitando administrar dom\u00ednios, emails e recursos de forma pr\u00e1tica e aut\u00f3noma.\" \/>\n<meta property=\"og:url\" content=\"https:\/\/www.gohosting.co.mz\/pt-pt\/product\/padrao\/\" \/>\n<meta property=\"og:site_name\" content=\"Go-Hosting\" \/>\n<meta property=\"article:publisher\" content=\"https:\/\/www.facebook.com\/servicosit\" \/>\n<meta property=\"article:modified_time\" content=\"2026-02-03T20:35:44+00:00\" \/>\n<meta property=\"og:image\" content=\"https:\/\/www.gohosting.co.mz\/wp-content\/uploads\/2024\/06\/Standardbackground-cloud-computer-computing1-e1586977398722-500x334-1.jpg\" \/>\n\t<meta property=\"og:image:width\" content=\"500\" \/>\n\t<meta property=\"og:image:height\" content=\"334\" \/>\n\t<meta property=\"og:image:type\" content=\"image\/jpeg\" \/>\n<meta name=\"twitter:card\" content=\"summary_large_image\" \/>\n<meta name=\"twitter:label1\" content=\"Tempo estimado de leitura\" \/>\n\t<meta name=\"twitter:data1\" content=\"2 minutos\" \/>\n<script type=\"application\/ld+json\" class=\"yoast-schema-graph\">{\"@context\":\"https:\/\/schema.org\",\"@graph\":[{\"@type\":\"WebPage\",\"@id\":\"https:\/\/www.gohosting.co.mz\/pt-pt\/product\/padrao\/\",\"url\":\"https:\/\/www.gohosting.co.mz\/pt-pt\/product\/padrao\/\",\"name\":\"Plano Padr\u00e3o (1 ano) - Go-Hosting\",\"isPartOf\":{\"@id\":\"https:\/\/www.gohosting.co.mz\/pt-pt\/#website\"},\"primaryImageOfPage\":{\"@id\":\"https:\/\/www.gohosting.co.mz\/pt-pt\/product\/padrao\/#primaryimage\"},\"image\":{\"@id\":\"https:\/\/www.gohosting.co.mz\/pt-pt\/product\/padrao\/#primaryimage\"},\"thumbnailUrl\":\"https:\/\/www.gohosting.co.mz\/wp-content\/uploads\/2024\/06\/Standardbackground-cloud-computer-computing1-e1586977398722-500x334-1.jpg\",\"datePublished\":\"2024-05-21T15:39:09+00:00\",\"dateModified\":\"2026-02-03T20:35:44+00:00\",\"description\":\"O Plano Padr\u00e3o \u00e9 uma solu\u00e7\u00e3o robusta e profissional criada para empresas e empreendedores que procuram crescer no digital com seguran\u00e7a, desempenho e flexibilidade. Com 30000 MB de armazenamento e largura de banda ilimitada, este plano oferece total liberdade para alojar o teu website, aplica\u00e7\u00f5es e conte\u00fados sem preocupa\u00e7\u00f5es com espa\u00e7o ou tr\u00e1fego, garantindo estabilidade e desempenho cont\u00ednuo.\u00a0O Plano Padr\u00e3o inclui ainda 2 dom\u00ednios personalizados, refor\u00e7ando a identidade digital da tua marca e permitindo uma presen\u00e7a online mais estrat\u00e9gica e organizada. Para a gest\u00e3o de dados, disponibilizamos 2 bases de dados, ideal para websites din\u00e2micos e sistemas que exigem organiza\u00e7\u00e3o eficiente da informa\u00e7\u00e3o. A comunica\u00e7\u00e3o profissional \u00e9 um dos grandes diferenciais deste plano. Com emails personalizados ilimitados, a tua empresa mant\u00e9m uma imagem corporativa s\u00f3lida e cred\u00edvel. O plano inclui tamb\u00e9m 5 reencaminhamentos de correio eletr\u00f3nico e 3 respostas autom\u00e1ticas, permitindo automatizar processos, melhorar o atendimento e garantir que nenhuma mensagem importante fique sem resposta. Para uma gest\u00e3o simples e eficiente, o Plano Padr\u00e3o oferece acesso total ao painel de controlo, possibilitando administrar dom\u00ednios, emails e recursos de forma pr\u00e1tica e aut\u00f3noma.\",\"breadcrumb\":{\"@id\":\"https:\/\/www.gohosting.co.mz\/pt-pt\/product\/padrao\/#breadcrumb\"},\"inLanguage\":\"pt-PT\",\"potentialAction\":[{\"@type\":\"ReadAction\",\"target\":[\"https:\/\/www.gohosting.co.mz\/pt-pt\/product\/padrao\/\"]}]},{\"@type\":\"ImageObject\",\"inLanguage\":\"pt-PT\",\"@id\":\"https:\/\/www.gohosting.co.mz\/pt-pt\/product\/padrao\/#primaryimage\",\"url\":\"https:\/\/www.gohosting.co.mz\/wp-content\/uploads\/2024\/06\/Standardbackground-cloud-computer-computing1-e1586977398722-500x334-1.jpg\",\"contentUrl\":\"https:\/\/www.gohosting.co.mz\/wp-content\/uploads\/2024\/06\/Standardbackground-cloud-computer-computing1-e1586977398722-500x334-1.jpg\",\"width\":500,\"height\":334},{\"@type\":\"BreadcrumbList\",\"@id\":\"https:\/\/www.gohosting.co.mz\/pt-pt\/product\/padrao\/#breadcrumb\",\"itemListElement\":[{\"@type\":\"ListItem\",\"position\":1,\"name\":\"Home\",\"item\":\"https:\/\/www.gohosting.co.mz\/pt-pt\/\"},{\"@type\":\"ListItem\",\"position\":2,\"name\":\"Go-Hosting\",\"item\":\"https:\/\/www.gohosting.co.mz\/hosting\/\"},{\"@type\":\"ListItem\",\"position\":3,\"name\":\"Plano Padr\u00e3o (1 ano)\"}]},{\"@type\":\"WebSite\",\"@id\":\"https:\/\/www.gohosting.co.mz\/pt-pt\/#website\",\"url\":\"https:\/\/www.gohosting.co.mz\/pt-pt\/\",\"name\":\"Servit\",\"description\":\"Start hosting today\",\"publisher\":{\"@id\":\"https:\/\/www.gohosting.co.mz\/pt-pt\/#organization\"},\"potentialAction\":[{\"@type\":\"SearchAction\",\"target\":{\"@type\":\"EntryPoint\",\"urlTemplate\":\"https:\/\/www.gohosting.co.mz\/pt-pt\/?s={search_term_string}\"},\"query-input\":{\"@type\":\"PropertyValueSpecification\",\"valueRequired\":true,\"valueName\":\"search_term_string\"}}],\"inLanguage\":\"pt-PT\"},{\"@type\":\"Organization\",\"@id\":\"https:\/\/www.gohosting.co.mz\/pt-pt\/#organization\",\"name\":\"Servit\",\"url\":\"https:\/\/www.gohosting.co.mz\/pt-pt\/\",\"logo\":{\"@type\":\"ImageObject\",\"inLanguage\":\"pt-PT\",\"@id\":\"https:\/\/www.gohosting.co.mz\/pt-pt\/#\/schema\/logo\/image\/\",\"url\":\"https:\/\/i0.wp.com\/servitlda.com\/wp-content\/uploads\/2024\/06\/Logo-user.png?fit=149%2C100&ssl=1\",\"contentUrl\":\"https:\/\/i0.wp.com\/servitlda.com\/wp-content\/uploads\/2024\/06\/Logo-user.png?fit=149%2C100&ssl=1\",\"width\":149,\"height\":100,\"caption\":\"Servit\"},\"image\":{\"@id\":\"https:\/\/www.gohosting.co.mz\/pt-pt\/#\/schema\/logo\/image\/\"},\"sameAs\":[\"https:\/\/www.facebook.com\/servicosit\",\"https:\/\/www.linkedin.com\/company\/servitlda\/\",\"https:\/\/www.youtube.com\/@servitlda6299\"]}]}<\/script>\n<!-- \/ Yoast SEO plugin. -->","yoast_head_json":{"title":"Plano Padr\u00e3o (1 ano) - Go-Hosting","description":"O Plano Padr\u00e3o \u00e9 uma solu\u00e7\u00e3o robusta e profissional criada para empresas e empreendedores que procuram crescer no digital com seguran\u00e7a, desempenho e flexibilidade. Com 30000 MB de armazenamento e largura de banda ilimitada, este plano oferece total liberdade para alojar o teu website, aplica\u00e7\u00f5es e conte\u00fados sem preocupa\u00e7\u00f5es com espa\u00e7o ou tr\u00e1fego, garantindo estabilidade e desempenho cont\u00ednuo.\u00a0O Plano Padr\u00e3o inclui ainda 2 dom\u00ednios personalizados, refor\u00e7ando a identidade digital da tua marca e permitindo uma presen\u00e7a online mais estrat\u00e9gica e organizada. Para a gest\u00e3o de dados, disponibilizamos 2 bases de dados, ideal para websites din\u00e2micos e sistemas que exigem organiza\u00e7\u00e3o eficiente da informa\u00e7\u00e3o. A comunica\u00e7\u00e3o profissional \u00e9 um dos grandes diferenciais deste plano. Com emails personalizados ilimitados, a tua empresa mant\u00e9m uma imagem corporativa s\u00f3lida e cred\u00edvel. O plano inclui tamb\u00e9m 5 reencaminhamentos de correio eletr\u00f3nico e 3 respostas autom\u00e1ticas, permitindo automatizar processos, melhorar o atendimento e garantir que nenhuma mensagem importante fique sem resposta. Para uma gest\u00e3o simples e eficiente, o Plano Padr\u00e3o oferece acesso total ao painel de controlo, possibilitando administrar dom\u00ednios, emails e recursos de forma pr\u00e1tica e aut\u00f3noma.","robots":{"index":"index","follow":"follow","max-snippet":"max-snippet:-1","max-image-preview":"max-image-preview:large","max-video-preview":"max-video-preview:-1"},"canonical":"https:\/\/www.gohosting.co.mz\/pt-pt\/product\/padrao\/","og_locale":"pt_PT","og_type":"article","og_title":"Plano Padr\u00e3o (1 ano) - Go-Hosting","og_description":"O Plano Padr\u00e3o \u00e9 uma solu\u00e7\u00e3o robusta e profissional criada para empresas e empreendedores que procuram crescer no digital com seguran\u00e7a, desempenho e flexibilidade. Com 30000 MB de armazenamento e largura de banda ilimitada, este plano oferece total liberdade para alojar o teu website, aplica\u00e7\u00f5es e conte\u00fados sem preocupa\u00e7\u00f5es com espa\u00e7o ou tr\u00e1fego, garantindo estabilidade e desempenho cont\u00ednuo.\u00a0O Plano Padr\u00e3o inclui ainda 2 dom\u00ednios personalizados, refor\u00e7ando a identidade digital da tua marca e permitindo uma presen\u00e7a online mais estrat\u00e9gica e organizada. Para a gest\u00e3o de dados, disponibilizamos 2 bases de dados, ideal para websites din\u00e2micos e sistemas que exigem organiza\u00e7\u00e3o eficiente da informa\u00e7\u00e3o. A comunica\u00e7\u00e3o profissional \u00e9 um dos grandes diferenciais deste plano. Com emails personalizados ilimitados, a tua empresa mant\u00e9m uma imagem corporativa s\u00f3lida e cred\u00edvel. O plano inclui tamb\u00e9m 5 reencaminhamentos de correio eletr\u00f3nico e 3 respostas autom\u00e1ticas, permitindo automatizar processos, melhorar o atendimento e garantir que nenhuma mensagem importante fique sem resposta. Para uma gest\u00e3o simples e eficiente, o Plano Padr\u00e3o oferece acesso total ao painel de controlo, possibilitando administrar dom\u00ednios, emails e recursos de forma pr\u00e1tica e aut\u00f3noma.","og_url":"https:\/\/www.gohosting.co.mz\/pt-pt\/product\/padrao\/","og_site_name":"Go-Hosting","article_publisher":"https:\/\/www.facebook.com\/servicosit","article_modified_time":"2026-02-03T20:35:44+00:00","og_image":[{"width":500,"height":334,"url":"https:\/\/www.gohosting.co.mz\/wp-content\/uploads\/2024\/06\/Standardbackground-cloud-computer-computing1-e1586977398722-500x334-1.jpg","type":"image\/jpeg"}],"twitter_card":"summary_large_image","twitter_misc":{"Tempo estimado de leitura":"2 minutos"},"schema":{"@context":"https:\/\/schema.org","@graph":[{"@type":"WebPage","@id":"https:\/\/www.gohosting.co.mz\/pt-pt\/product\/padrao\/","url":"https:\/\/www.gohosting.co.mz\/pt-pt\/product\/padrao\/","name":"Plano Padr\u00e3o (1 ano) - Go-Hosting","isPartOf":{"@id":"https:\/\/www.gohosting.co.mz\/pt-pt\/#website"},"primaryImageOfPage":{"@id":"https:\/\/www.gohosting.co.mz\/pt-pt\/product\/padrao\/#primaryimage"},"image":{"@id":"https:\/\/www.gohosting.co.mz\/pt-pt\/product\/padrao\/#primaryimage"},"thumbnailUrl":"https:\/\/www.gohosting.co.mz\/wp-content\/uploads\/2024\/06\/Standardbackground-cloud-computer-computing1-e1586977398722-500x334-1.jpg","datePublished":"2024-05-21T15:39:09+00:00","dateModified":"2026-02-03T20:35:44+00:00","description":"O Plano Padr\u00e3o \u00e9 uma solu\u00e7\u00e3o robusta e profissional criada para empresas e empreendedores que procuram crescer no digital com seguran\u00e7a, desempenho e flexibilidade. Com 30000 MB de armazenamento e largura de banda ilimitada, este plano oferece total liberdade para alojar o teu website, aplica\u00e7\u00f5es e conte\u00fados sem preocupa\u00e7\u00f5es com espa\u00e7o ou tr\u00e1fego, garantindo estabilidade e desempenho cont\u00ednuo.\u00a0O Plano Padr\u00e3o inclui ainda 2 dom\u00ednios personalizados, refor\u00e7ando a identidade digital da tua marca e permitindo uma presen\u00e7a online mais estrat\u00e9gica e organizada. Para a gest\u00e3o de dados, disponibilizamos 2 bases de dados, ideal para websites din\u00e2micos e sistemas que exigem organiza\u00e7\u00e3o eficiente da informa\u00e7\u00e3o. A comunica\u00e7\u00e3o profissional \u00e9 um dos grandes diferenciais deste plano. Com emails personalizados ilimitados, a tua empresa mant\u00e9m uma imagem corporativa s\u00f3lida e cred\u00edvel. O plano inclui tamb\u00e9m 5 reencaminhamentos de correio eletr\u00f3nico e 3 respostas autom\u00e1ticas, permitindo automatizar processos, melhorar o atendimento e garantir que nenhuma mensagem importante fique sem resposta. Para uma gest\u00e3o simples e eficiente, o Plano Padr\u00e3o oferece acesso total ao painel de controlo, possibilitando administrar dom\u00ednios, emails e recursos de forma pr\u00e1tica e aut\u00f3noma.","breadcrumb":{"@id":"https:\/\/www.gohosting.co.mz\/pt-pt\/product\/padrao\/#breadcrumb"},"inLanguage":"pt-PT","potentialAction":[{"@type":"ReadAction","target":["https:\/\/www.gohosting.co.mz\/pt-pt\/product\/padrao\/"]}]},{"@type":"ImageObject","inLanguage":"pt-PT","@id":"https:\/\/www.gohosting.co.mz\/pt-pt\/product\/padrao\/#primaryimage","url":"https:\/\/www.gohosting.co.mz\/wp-content\/uploads\/2024\/06\/Standardbackground-cloud-computer-computing1-e1586977398722-500x334-1.jpg","contentUrl":"https:\/\/www.gohosting.co.mz\/wp-content\/uploads\/2024\/06\/Standardbackground-cloud-computer-computing1-e1586977398722-500x334-1.jpg","width":500,"height":334},{"@type":"BreadcrumbList","@id":"https:\/\/www.gohosting.co.mz\/pt-pt\/product\/padrao\/#breadcrumb","itemListElement":[{"@type":"ListItem","position":1,"name":"Home","item":"https:\/\/www.gohosting.co.mz\/pt-pt\/"},{"@type":"ListItem","position":2,"name":"Go-Hosting","item":"https:\/\/www.gohosting.co.mz\/hosting\/"},{"@type":"ListItem","position":3,"name":"Plano Padr\u00e3o (1 ano)"}]},{"@type":"WebSite","@id":"https:\/\/www.gohosting.co.mz\/pt-pt\/#website","url":"https:\/\/www.gohosting.co.mz\/pt-pt\/","name":"Servit","description":"Start hosting today","publisher":{"@id":"https:\/\/www.gohosting.co.mz\/pt-pt\/#organization"},"potentialAction":[{"@type":"SearchAction","target":{"@type":"EntryPoint","urlTemplate":"https:\/\/www.gohosting.co.mz\/pt-pt\/?s={search_term_string}"},"query-input":{"@type":"PropertyValueSpecification","valueRequired":true,"valueName":"search_term_string"}}],"inLanguage":"pt-PT"},{"@type":"Organization","@id":"https:\/\/www.gohosting.co.mz\/pt-pt\/#organization","name":"Servit","url":"https:\/\/www.gohosting.co.mz\/pt-pt\/","logo":{"@type":"ImageObject","inLanguage":"pt-PT","@id":"https:\/\/www.gohosting.co.mz\/pt-pt\/#\/schema\/logo\/image\/","url":"https:\/\/i0.wp.com\/servitlda.com\/wp-content\/uploads\/2024\/06\/Logo-user.png?fit=149%2C100&ssl=1","contentUrl":"https:\/\/i0.wp.com\/servitlda.com\/wp-content\/uploads\/2024\/06\/Logo-user.png?fit=149%2C100&ssl=1","width":149,"height":100,"caption":"Servit"},"image":{"@id":"https:\/\/www.gohosting.co.mz\/pt-pt\/#\/schema\/logo\/image\/"},"sameAs":["https:\/\/www.facebook.com\/servicosit","https:\/\/www.linkedin.com\/company\/servitlda\/","https:\/\/www.youtube.com\/@servitlda6299"]}]}},"_links":{"self":[{"href":"https:\/\/www.gohosting.co.mz\/pt-pt\/wp-json\/wp\/v2\/product\/1731","targetHints":{"allow":["GET"]}}],"collection":[{"href":"https:\/\/www.gohosting.co.mz\/pt-pt\/wp-json\/wp\/v2\/product"}],"about":[{"href":"https:\/\/www.gohosting.co.mz\/pt-pt\/wp-json\/wp\/v2\/types\/product"}],"replies":[{"embeddable":true,"href":"https:\/\/www.gohosting.co.mz\/pt-pt\/wp-json\/wp\/v2\/comments?post=1731"}],"wp:featuredmedia":[{"embeddable":true,"href":"https:\/\/www.gohosting.co.mz\/pt-pt\/wp-json\/wp\/v2\/media\/1462"}],"wp:attachment":[{"href":"https:\/\/www.gohosting.co.mz\/pt-pt\/wp-json\/wp\/v2\/media?parent=1731"}],"wp:term":[{"taxonomy":"product_brand","embeddable":true,"href":"https:\/\/www.gohosting.co.mz\/pt-pt\/wp-json\/wp\/v2\/product_brand?post=1731"},{"taxonomy":"product_cat","embeddable":true,"href":"https:\/\/www.gohosting.co.mz\/pt-pt\/wp-json\/wp\/v2\/product_cat?post=1731"},{"taxonomy":"product_tag","embeddable":true,"href":"https:\/\/www.gohosting.co.mz\/pt-pt\/wp-json\/wp\/v2\/product_tag?post=1731"}],"curies":[{"name":"wp","href":"https:\/\/api.w.org\/{rel}","templated":true}]}}